{"id":389,"date":"2023-10-11T14:56:54","date_gmt":"2023-10-11T12:56:54","guid":{"rendered":"http:\/\/ypfogfu.cluster028.hosting.ovh.net\/?page_id=389"},"modified":"2023-10-20T18:25:03","modified_gmt":"2023-10-20T16:25:03","slug":"concours-de-petanque","status":"publish","type":"page","link":"https:\/\/www.associationfrancosuisse.com\/index.php\/concours-de-petanque\/","title":{"rendered":"Concours de P\u00e9tanque"},"content":{"rendered":"\t\t<div data-elementor-type=\"wp-page\" data-elementor-id=\"389\" class=\"elementor elementor-389\">\n\t\t\t\t<div class=\"elementor-element elementor-element-f3a95d1 e-flex e-con-boxed wpr-particle-no wpr-jarallax-no wpr-parallax-no wpr-sticky-section-no e-con e-parent\" data-id=\"f3a95d1\" data-element_type=\"container\" data-settings=\"{&quot;background_background&quot;:&quot;classic&quot;}\">\n\t\t\t\t\t<div class=\"e-con-inner\">\n\t\t<div class=\"elementor-element elementor-element-0d6e2ad e-flex e-con-boxed wpr-particle-no wpr-jarallax-no wpr-parallax-no wpr-sticky-section-no e-con e-child\" data-id=\"0d6e2ad\" data-element_type=\"container\">\n\t\t\t\t\t<div class=\"e-con-inner\">\n\t\t\t\t<div class=\"elementor-element elementor-element-e7a4d73 elementor-widget elementor-widget-text-editor\" data-id=\"e7a4d73\" data-element_type=\"widget\" data-widget_type=\"text-editor.default\">\n\t\t\t\t<div class=\"elementor-widget-container\">\n\t\t\t\t\t\t\t<h2 style=\"text-align: center;\"><span style=\"color: #ffffff;\"><strong>CONCOURS DE PETANQUE<\/strong><\/span><\/h2>\t\t\t\t\t\t<\/div>\n\t\t\t\t<\/div>\n\t\t\t\t\t<\/div>\n\t\t\t\t<\/div>\n\t\t\t\t\t<\/div>\n\t\t\t\t<\/div>\n\t\t<div class=\"elementor-element elementor-element-3773663 e-grid e-con-boxed wpr-particle-no wpr-jarallax-no wpr-parallax-no wpr-sticky-section-no e-con e-parent\" data-id=\"3773663\" data-element_type=\"container\" data-settings=\"{&quot;background_background&quot;:&quot;classic&quot;}\">\n\t\t\t\t\t<div class=\"e-con-inner\">\n\t\t\t\t<div class=\"elementor-element elementor-element-621127a elementor-widget__width-initial elementor-widget elementor-widget-text-editor\" data-id=\"621127a\" data-element_type=\"widget\" data-widget_type=\"text-editor.default\">\n\t\t\t\t<div class=\"elementor-widget-container\">\n\t\t\t\t\t\t\t<h5><span style=\"color: #333399;\">Un grand concours de p\u00e9tanque en doublette est organis\u00e9 chaque ann\u00e9es avec de nombreux lots a gagner.<\/span><\/h5><p>\u00a0<\/p><p><strong><span style=\"color: #ff0000;\">Inscriptions:\u00a0\u00a0\u00a0\u00a0\u00a0\u00a0\u00a0\u00a0\u00a0\u00a0\u00a0\u00a0 12h00<\/span><\/strong><\/p><p><strong><span style=\"color: #ff0000;\">D\u00e9but du tournois:\u00a0 13h30<\/span><\/strong><\/p>\t\t\t\t\t\t<\/div>\n\t\t\t\t<\/div>\n\t\t\t\t<div class=\"elementor-element elementor-element-b01a961 elementor-widget elementor-widget-wpforms\" data-id=\"b01a961\" data-element_type=\"widget\" data-widget_type=\"wpforms.default\">\n\t\t\t\t<div class=\"elementor-widget-container\">\n\t\t\t<style id=\"wpforms-css-vars-root\">\n\t\t\t\t:root {\n\t\t\t\t\t--wpforms-field-border-radius: 3px;\n--wpforms-field-border-style: solid;\n--wpforms-field-border-size: 1px;\n--wpforms-field-background-color: #ffffff;\n--wpforms-field-border-color: rgba( 0, 0, 0, 0.25 );\n--wpforms-field-border-color-spare: rgba( 0, 0, 0, 0.25 );\n--wpforms-field-text-color: rgba( 0, 0, 0, 0.7 );\n--wpforms-field-menu-color: #ffffff;\n--wpforms-label-color: rgba( 0, 0, 0, 0.85 );\n--wpforms-label-sublabel-color: rgba( 0, 0, 0, 0.55 );\n--wpforms-label-error-color: #d63637;\n--wpforms-button-border-radius: 3px;\n--wpforms-button-border-style: none;\n--wpforms-button-border-size: 1px;\n--wpforms-button-background-color: #066aab;\n--wpforms-button-border-color: #066aab;\n--wpforms-button-text-color: #ffffff;\n--wpforms-page-break-color: #066aab;\n--wpforms-background-image: none;\n--wpforms-background-position: center center;\n--wpforms-background-repeat: no-repeat;\n--wpforms-background-size: cover;\n--wpforms-background-width: 100px;\n--wpforms-background-height: 100px;\n--wpforms-background-color: rgba( 0, 0, 0, 0 );\n--wpforms-background-url: none;\n--wpforms-container-padding: 0px;\n--wpforms-container-border-style: none;\n--wpforms-container-border-width: 1px;\n--wpforms-container-border-color: #000000;\n--wpforms-container-border-radius: 3px;\n--wpforms-field-size-input-height: 43px;\n--wpforms-field-size-input-spacing: 15px;\n--wpforms-field-size-font-size: 16px;\n--wpforms-field-size-line-height: 19px;\n--wpforms-field-size-padding-h: 14px;\n--wpforms-field-size-checkbox-size: 16px;\n--wpforms-field-size-sublabel-spacing: 5px;\n--wpforms-field-size-icon-size: 1;\n--wpforms-label-size-font-size: 16px;\n--wpforms-label-size-line-height: 19px;\n--wpforms-label-size-sublabel-font-size: 14px;\n--wpforms-label-size-sublabel-line-height: 17px;\n--wpforms-button-size-font-size: 17px;\n--wpforms-button-size-height: 41px;\n--wpforms-button-size-padding-h: 15px;\n--wpforms-button-size-margin-top: 10px;\n--wpforms-container-shadow-size-box-shadow: none;\n\n\t\t\t\t}\n\t\t\t<\/style><style id=\"wpforms-css-vars-elementor-widget-b01a961\">\n\t\t\t\t.elementor-widget-wpforms.elementor-element-b01a961 {\n\t\t\t\t\t--wpforms-field-size-input-height: 43px;\n--wpforms-field-size-input-spacing: 15px;\n--wpforms-field-size-font-size: 16px;\n--wpforms-field-size-line-height: 19px;\n--wpforms-field-size-padding-h: 14px;\n--wpforms-field-size-checkbox-size: 16px;\n--wpforms-field-size-sublabel-spacing: 5px;\n--wpforms-field-size-icon-size: 1;\n--wpforms-label-size-font-size: 16px;\n--wpforms-label-size-line-height: 19px;\n--wpforms-label-size-sublabel-font-size: 14px;\n--wpforms-label-size-sublabel-line-height: 17px;\n--wpforms-button-size-font-size: 17px;\n--wpforms-button-size-height: 41px;\n--wpforms-button-size-padding-h: 15px;\n--wpforms-button-size-margin-top: 10px;\n\n\t\t\t\t}\n\t\t\t<\/style><div class=\"wpforms-container wpforms-container-full wpforms-render-modern\" id=\"wpforms-975\"><form id=\"wpforms-form-975\" class=\"wpforms-validate wpforms-form wpforms-ajax-form\" data-formid=\"975\" method=\"post\" enctype=\"multipart\/form-data\" action=\"\/index.php\/wp-json\/wp\/v2\/pages\/389\" data-token=\"0270c843cbc7f6d750732809a0271e4f\" data-token-time=\"1775700821\"><div class=\"wpforms-head-container\"><div class=\"wpforms-title\">Formulaire d&#039;inscription du concours de p\u00e9tanque<\/div><\/div><noscript class=\"wpforms-error-noscript\">Veuillez activer JavaScript dans votre navigateur pour remplir ce formulaire.<\/noscript><div class=\"wpforms-hidden\" id=\"wpforms-error-noscript\">Veuillez activer JavaScript dans votre navigateur pour remplir ce formulaire.<\/div><div class=\"wpforms-field-container\"><div id=\"wpforms-975-field_0-container\" class=\"wpforms-field wpforms-field-name\" data-field-id=\"0\"><fieldset><legend class=\"wpforms-field-label\">Joueur No 1 <span class=\"wpforms-required-label\" aria-hidden=\"true\">*<\/span><\/legend><div class=\"wpforms-field-row wpforms-field-medium\"><div class=\"wpforms-field-row-block wpforms-first wpforms-one-half\"><input type=\"text\" id=\"wpforms-975-field_0\" class=\"wpforms-field-name-first wpforms-field-required\" name=\"wpforms[fields][0][first]\" aria-errormessage=\"wpforms-975-field_0-error\" required><label for=\"wpforms-975-field_0\" class=\"wpforms-field-sublabel after\">Pr\u00e9nom<\/label><\/div><div class=\"wpforms-field-row-block wpforms-one-half\"><input type=\"text\" id=\"wpforms-975-field_0-last\" class=\"wpforms-field-name-last wpforms-field-required\" name=\"wpforms[fields][0][last]\" aria-errormessage=\"wpforms-975-field_0-last-error\" required><label for=\"wpforms-975-field_0-last\" class=\"wpforms-field-sublabel after\">Nom<\/label><\/div><\/div><\/fieldset><\/div><div id=\"wpforms-975-field_3-container\" class=\"wpforms-field wpforms-field-name\" data-field-id=\"3\"><fieldset><legend class=\"wpforms-field-label\">Joueur No 2 <span class=\"wpforms-required-label\" aria-hidden=\"true\">*<\/span><\/legend><div class=\"wpforms-field-row wpforms-field-medium\"><div class=\"wpforms-field-row-block wpforms-first wpforms-one-half\"><input type=\"text\" id=\"wpforms-975-field_3\" class=\"wpforms-field-name-first wpforms-field-required\" name=\"wpforms[fields][3][first]\" aria-errormessage=\"wpforms-975-field_3-error\" required><label for=\"wpforms-975-field_3\" class=\"wpforms-field-sublabel after\">Pr\u00e9nom<\/label><\/div><div class=\"wpforms-field-row-block wpforms-one-half\"><input type=\"text\" id=\"wpforms-975-field_3-last\" class=\"wpforms-field-name-last wpforms-field-required\" name=\"wpforms[fields][3][last]\" aria-errormessage=\"wpforms-975-field_3-last-error\" required><label for=\"wpforms-975-field_3-last\" class=\"wpforms-field-sublabel after\">Nom<\/label><\/div><\/div><\/fieldset><\/div><div id=\"wpforms-975-field_1-container\" class=\"wpforms-field wpforms-field-email\" data-field-id=\"1\"><label class=\"wpforms-field-label\" for=\"wpforms-975-field_1\">E-mail <span class=\"wpforms-required-label\" aria-hidden=\"true\">*<\/span><\/label><input type=\"email\" id=\"wpforms-975-field_1\" class=\"wpforms-field-medium wpforms-field-required\" name=\"wpforms[fields][1]\" spellcheck=\"false\" aria-errormessage=\"wpforms-975-field_1-error\" required><\/div><div id=\"wpforms-975-field_2-container\" class=\"wpforms-field wpforms-field-textarea\" data-field-id=\"2\"><label class=\"wpforms-field-label\" for=\"wpforms-975-field_2\">Commentaire ou message<\/label><textarea id=\"wpforms-975-field_2\" class=\"wpforms-field-medium\" name=\"wpforms[fields][2]\" aria-errormessage=\"wpforms-975-field_2-error\" ><\/textarea><\/div><\/div><!-- .wpforms-field-container --><div class=\"wpforms-submit-container\" ><input type=\"hidden\" name=\"wpforms[id]\" value=\"975\"><input type=\"hidden\" name=\"page_title\" value=\"\"><input type=\"hidden\" name=\"page_url\" value=\"https:\/\/www.associationfrancosuisse.com\/index.php\/wp-json\/wp\/v2\/pages\/389\"><button type=\"submit\" name=\"wpforms[submit]\" id=\"wpforms-submit-975\" class=\"wpforms-submit\" data-alt-text=\"Envoi...\" data-submit-text=\"Envoyer\" aria-live=\"assertive\" value=\"wpforms-submit\">Envoyer<\/button><img decoding=\"async\" src=\"https:\/\/www.associationfrancosuisse.com\/wp-content\/plugins\/wpforms-lite\/assets\/images\/submit-spin.svg\" class=\"wpforms-submit-spinner\" style=\"display: none;\" width=\"26\" height=\"26\" alt=\"Chargement en cours\"><\/div><\/form><\/div>  <!-- .wpforms-container -->\t\t<\/div>\n\t\t\t\t<\/div>\n\t\t\t\t\t<\/div>\n\t\t\t\t<\/div>\n\t\t\t\t<\/div>\n\t\t","protected":false},"excerpt":{"rendered":"<p>CONCOURS DE PETANQUE Un grand concours de p\u00e9tanque en doublette est organis\u00e9 chaque ann\u00e9es avec de nombreux lots a gagner. \u00a0 Inscriptions:\u00a0\u00a0\u00a0\u00a0\u00a0\u00a0\u00a0\u00a0\u00a0\u00a0\u00a0\u00a0 12h00 D\u00e9but du tournois:\u00a0 13h30 Formulaire d&#039;inscription du concours de p\u00e9tanque 2024Veuillez activer JavaScript dans votre navigateur pour remplir ce formulaire.Veuillez activer JavaScript dans votre navigateur pour remplir ce formulaire. Joueur No 1 * Pr\u00e9nomNom Joueur No 2 * Pr\u00e9nomNom E-mail *Commentaire ou message Envoyer<\/p>\n","protected":false},"author":1,"featured_media":0,"parent":0,"menu_order":0,"comment_status":"closed","ping_status":"closed","template":"","meta":{"site-sidebar-layout":"no-sidebar","site-content-layout":"","ast-site-content-layout":"full-width-container","site-content-style":"default","site-sidebar-style":"default","ast-global-header-display":"","ast-banner-title-visibility":"","ast-main-header-display":"","ast-hfb-above-header-display":"","ast-hfb-below-header-display":"","ast-hfb-mobile-header-display":"","site-post-title":"disabled","ast-breadcrumbs-content":"","ast-featured-img":"disabled","footer-sml-layout":"","theme-transparent-header-meta":"","adv-header-id-meta":"","stick-header-meta":"","header-above-stick-meta":"","header-main-stick-meta":"","header-below-stick-meta":"","astra-migrate-meta-layouts":"","ngg_post_thumbnail":0,"footnotes":""},"class_list":["post-389","page","type-page","status-publish","hentry"],"yoast_head":"<!-- This site is optimized with the Yoast SEO plugin v24.0 - https:\/\/yoast.com\/wordpress\/plugins\/seo\/ -->\n<title>Concours de P\u00e9tanque - Village Franco-Suisse de La Cure<\/title>\n<meta name=\"robots\" content=\"index, follow, max-snippet:-1, max-image-preview:large, max-video-preview:-1\" \/>\n<link rel=\"canonical\" href=\"https:\/\/www.associationfrancosuisse.com\/index.php\/concours-de-petanque\/\" \/>\n<meta property=\"og:locale\" content=\"fr_FR\" \/>\n<meta property=\"og:type\" content=\"article\" \/>\n<meta property=\"og:title\" content=\"Concours de P\u00e9tanque - Village Franco-Suisse de La Cure\" \/>\n<meta property=\"og:description\" content=\"CONCOURS DE PETANQUE Un grand concours de p\u00e9tanque en doublette est organis\u00e9 chaque ann\u00e9es avec de nombreux lots a gagner. \u00a0 Inscriptions:\u00a0\u00a0\u00a0\u00a0\u00a0\u00a0\u00a0\u00a0\u00a0\u00a0\u00a0\u00a0 12h00 D\u00e9but du tournois:\u00a0 13h30 Formulaire d&#039;inscription du concours de p\u00e9tanque 2024Veuillez activer JavaScript dans votre navigateur pour remplir ce formulaire.Veuillez activer JavaScript dans votre navigateur pour remplir ce formulaire. Joueur No 1 * Pr\u00e9nomNom Joueur No 2 * Pr\u00e9nomNom E-mail *Commentaire ou message Envoyer\" \/>\n<meta property=\"og:url\" content=\"https:\/\/www.associationfrancosuisse.com\/index.php\/concours-de-petanque\/\" \/>\n<meta property=\"og:site_name\" content=\"Village Franco-Suisse de La Cure\" \/>\n<meta property=\"article:modified_time\" content=\"2023-10-20T16:25:03+00:00\" \/>\n<meta property=\"og:image\" content=\"https:\/\/www.associationfrancosuisse.com\/wp-content\/plugins\/wpforms-lite\/assets\/images\/submit-spin.svg\" \/>\n<meta name=\"twitter:card\" content=\"summary_large_image\" \/>\n<meta name=\"twitter:label1\" content=\"Dur\u00e9e de lecture estim\u00e9e\" \/>\n\t<meta name=\"twitter:data1\" content=\"1 minute\" \/>\n<script type=\"application\/ld+json\" class=\"yoast-schema-graph\">{\"@context\":\"https:\/\/schema.org\",\"@graph\":[{\"@type\":\"WebPage\",\"@id\":\"https:\/\/www.associationfrancosuisse.com\/index.php\/concours-de-petanque\/\",\"url\":\"https:\/\/www.associationfrancosuisse.com\/index.php\/concours-de-petanque\/\",\"name\":\"Concours de P\u00e9tanque - Village Franco-Suisse de La Cure\",\"isPartOf\":{\"@id\":\"https:\/\/www.associationfrancosuisse.com\/#website\"},\"primaryImageOfPage\":{\"@id\":\"https:\/\/www.associationfrancosuisse.com\/index.php\/concours-de-petanque\/#primaryimage\"},\"image\":{\"@id\":\"https:\/\/www.associationfrancosuisse.com\/index.php\/concours-de-petanque\/#primaryimage\"},\"thumbnailUrl\":\"https:\/\/www.associationfrancosuisse.com\/wp-content\/plugins\/wpforms-lite\/assets\/images\/submit-spin.svg\",\"datePublished\":\"2023-10-11T12:56:54+00:00\",\"dateModified\":\"2023-10-20T16:25:03+00:00\",\"breadcrumb\":{\"@id\":\"https:\/\/www.associationfrancosuisse.com\/index.php\/concours-de-petanque\/#breadcrumb\"},\"inLanguage\":\"fr-FR\",\"potentialAction\":[{\"@type\":\"ReadAction\",\"target\":[\"https:\/\/www.associationfrancosuisse.com\/index.php\/concours-de-petanque\/\"]}]},{\"@type\":\"ImageObject\",\"inLanguage\":\"fr-FR\",\"@id\":\"https:\/\/www.associationfrancosuisse.com\/index.php\/concours-de-petanque\/#primaryimage\",\"url\":\"https:\/\/www.associationfrancosuisse.com\/wp-content\/plugins\/wpforms-lite\/assets\/images\/submit-spin.svg\",\"contentUrl\":\"https:\/\/www.associationfrancosuisse.com\/wp-content\/plugins\/wpforms-lite\/assets\/images\/submit-spin.svg\"},{\"@type\":\"BreadcrumbList\",\"@id\":\"https:\/\/www.associationfrancosuisse.com\/index.php\/concours-de-petanque\/#breadcrumb\",\"itemListElement\":[{\"@type\":\"ListItem\",\"position\":1,\"name\":\"Accueil\",\"item\":\"https:\/\/www.associationfrancosuisse.com\/\"},{\"@type\":\"ListItem\",\"position\":2,\"name\":\"Concours de P\u00e9tanque\"}]},{\"@type\":\"WebSite\",\"@id\":\"https:\/\/www.associationfrancosuisse.com\/#website\",\"url\":\"https:\/\/www.associationfrancosuisse.com\/\",\"name\":\"Village Franco-Suisse de La Cure\",\"description\":\"\",\"potentialAction\":[{\"@type\":\"SearchAction\",\"target\":{\"@type\":\"EntryPoint\",\"urlTemplate\":\"https:\/\/www.associationfrancosuisse.com\/?s={search_term_string}\"},\"query-input\":{\"@type\":\"PropertyValueSpecification\",\"valueRequired\":true,\"valueName\":\"search_term_string\"}}],\"inLanguage\":\"fr-FR\"}]}<\/script>\n<!-- \/ Yoast SEO plugin. -->","yoast_head_json":{"title":"Concours de P\u00e9tanque - Village Franco-Suisse de La Cure","robots":{"index":"index","follow":"follow","max-snippet":"max-snippet:-1","max-image-preview":"max-image-preview:large","max-video-preview":"max-video-preview:-1"},"canonical":"https:\/\/www.associationfrancosuisse.com\/index.php\/concours-de-petanque\/","og_locale":"fr_FR","og_type":"article","og_title":"Concours de P\u00e9tanque - Village Franco-Suisse de La Cure","og_description":"CONCOURS DE PETANQUE Un grand concours de p\u00e9tanque en doublette est organis\u00e9 chaque ann\u00e9es avec de nombreux lots a gagner. \u00a0 Inscriptions:\u00a0\u00a0\u00a0\u00a0\u00a0\u00a0\u00a0\u00a0\u00a0\u00a0\u00a0\u00a0 12h00 D\u00e9but du tournois:\u00a0 13h30 Formulaire d&#039;inscription du concours de p\u00e9tanque 2024Veuillez activer JavaScript dans votre navigateur pour remplir ce formulaire.Veuillez activer JavaScript dans votre navigateur pour remplir ce formulaire. Joueur No 1 * Pr\u00e9nomNom Joueur No 2 * Pr\u00e9nomNom E-mail *Commentaire ou message Envoyer","og_url":"https:\/\/www.associationfrancosuisse.com\/index.php\/concours-de-petanque\/","og_site_name":"Village Franco-Suisse de La Cure","article_modified_time":"2023-10-20T16:25:03+00:00","og_image":[{"url":"https:\/\/www.associationfrancosuisse.com\/wp-content\/plugins\/wpforms-lite\/assets\/images\/submit-spin.svg","type":"","width":"","height":""}],"twitter_card":"summary_large_image","twitter_misc":{"Dur\u00e9e de lecture estim\u00e9e":"1 minute"},"schema":{"@context":"https:\/\/schema.org","@graph":[{"@type":"WebPage","@id":"https:\/\/www.associationfrancosuisse.com\/index.php\/concours-de-petanque\/","url":"https:\/\/www.associationfrancosuisse.com\/index.php\/concours-de-petanque\/","name":"Concours de P\u00e9tanque - Village Franco-Suisse de La Cure","isPartOf":{"@id":"https:\/\/www.associationfrancosuisse.com\/#website"},"primaryImageOfPage":{"@id":"https:\/\/www.associationfrancosuisse.com\/index.php\/concours-de-petanque\/#primaryimage"},"image":{"@id":"https:\/\/www.associationfrancosuisse.com\/index.php\/concours-de-petanque\/#primaryimage"},"thumbnailUrl":"https:\/\/www.associationfrancosuisse.com\/wp-content\/plugins\/wpforms-lite\/assets\/images\/submit-spin.svg","datePublished":"2023-10-11T12:56:54+00:00","dateModified":"2023-10-20T16:25:03+00:00","breadcrumb":{"@id":"https:\/\/www.associationfrancosuisse.com\/index.php\/concours-de-petanque\/#breadcrumb"},"inLanguage":"fr-FR","potentialAction":[{"@type":"ReadAction","target":["https:\/\/www.associationfrancosuisse.com\/index.php\/concours-de-petanque\/"]}]},{"@type":"ImageObject","inLanguage":"fr-FR","@id":"https:\/\/www.associationfrancosuisse.com\/index.php\/concours-de-petanque\/#primaryimage","url":"https:\/\/www.associationfrancosuisse.com\/wp-content\/plugins\/wpforms-lite\/assets\/images\/submit-spin.svg","contentUrl":"https:\/\/www.associationfrancosuisse.com\/wp-content\/plugins\/wpforms-lite\/assets\/images\/submit-spin.svg"},{"@type":"BreadcrumbList","@id":"https:\/\/www.associationfrancosuisse.com\/index.php\/concours-de-petanque\/#breadcrumb","itemListElement":[{"@type":"ListItem","position":1,"name":"Accueil","item":"https:\/\/www.associationfrancosuisse.com\/"},{"@type":"ListItem","position":2,"name":"Concours de P\u00e9tanque"}]},{"@type":"WebSite","@id":"https:\/\/www.associationfrancosuisse.com\/#website","url":"https:\/\/www.associationfrancosuisse.com\/","name":"Village Franco-Suisse de La Cure","description":"","potentialAction":[{"@type":"SearchAction","target":{"@type":"EntryPoint","urlTemplate":"https:\/\/www.associationfrancosuisse.com\/?s={search_term_string}"},"query-input":{"@type":"PropertyValueSpecification","valueRequired":true,"valueName":"search_term_string"}}],"inLanguage":"fr-FR"}]}},"_links":{"self":[{"href":"https:\/\/www.associationfrancosuisse.com\/index.php\/wp-json\/wp\/v2\/pages\/389","targetHints":{"allow":["GET"]}}],"collection":[{"href":"https:\/\/www.associationfrancosuisse.com\/index.php\/wp-json\/wp\/v2\/pages"}],"about":[{"href":"https:\/\/www.associationfrancosuisse.com\/index.php\/wp-json\/wp\/v2\/types\/page"}],"author":[{"embeddable":true,"href":"https:\/\/www.associationfrancosuisse.com\/index.php\/wp-json\/wp\/v2\/users\/1"}],"replies":[{"embeddable":true,"href":"https:\/\/www.associationfrancosuisse.com\/index.php\/wp-json\/wp\/v2\/comments?post=389"}],"version-history":[{"count":28,"href":"https:\/\/www.associationfrancosuisse.com\/index.php\/wp-json\/wp\/v2\/pages\/389\/revisions"}],"predecessor-version":[{"id":986,"href":"https:\/\/www.associationfrancosuisse.com\/index.php\/wp-json\/wp\/v2\/pages\/389\/revisions\/986"}],"wp:attachment":[{"href":"https:\/\/www.associationfrancosuisse.com\/index.php\/wp-json\/wp\/v2\/media?parent=389"}],"curies":[{"name":"wp","href":"https:\/\/api.w.org\/{rel}","templated":true}]}}