{"id":229,"date":"2023-10-09T07:41:10","date_gmt":"2023-10-09T05:41:10","guid":{"rendered":"http:\/\/ypfogfu.cluster028.hosting.ovh.net\/?page_id=229"},"modified":"2023-10-20T11:59:28","modified_gmt":"2023-10-20T09:59:28","slug":"location-de-materiel","status":"publish","type":"page","link":"https:\/\/www.associationfrancosuisse.com\/index.php\/location-de-materiel\/","title":{"rendered":"Location de mat\u00e9riel"},"content":{"rendered":"\t\t<div data-elementor-type=\"wp-page\" data-elementor-id=\"229\" class=\"elementor elementor-229\">\n\t\t\t\t<div class=\"elementor-element elementor-element-b883572 e-flex e-con-boxed wpr-particle-no wpr-jarallax-no wpr-parallax-no wpr-sticky-section-no e-con e-parent\" data-id=\"b883572\" data-element_type=\"container\">\n\t\t\t\t\t<div class=\"e-con-inner\">\n\t\t\t\t<div class=\"elementor-element elementor-element-071b90d elementor-widget elementor-widget-text-editor\" data-id=\"071b90d\" data-element_type=\"widget\" data-widget_type=\"text-editor.default\">\n\t\t\t\t<div class=\"elementor-widget-container\">\n\t\t\t\t\t\t\t<h3 style=\"text-align: center;\"><strong><span style=\"color: #ff0000;\">LOCATION DE MATERIEL<\/span><\/strong><\/h3>\t\t\t\t\t\t<\/div>\n\t\t\t\t<\/div>\n\t\t\t\t<div class=\"elementor-element elementor-element-46e164d elementor-widget elementor-widget-text-editor\" data-id=\"46e164d\" data-element_type=\"widget\" data-widget_type=\"text-editor.default\">\n\t\t\t\t<div class=\"elementor-widget-container\">\n\t\t\t\t\t\t\t<h5><span style=\"color: #333399;\">L&rsquo;Association vous propose une location de diff\u00e9rents types de mobilier pour toutes vos f\u00eates, \u00e9v\u00e9nements et r\u00e9ceptions tels que mariages, bapt\u00eames, anniversaires, \u00e9v\u00e9nements d\u2019entreprise, f\u00eates de jeunesse, f\u00eates de village, festivals et bien d\u2019autres encore.<\/span><\/h5>\t\t\t\t\t\t<\/div>\n\t\t\t\t<\/div>\n\t\t\t\t\t<\/div>\n\t\t\t\t<\/div>\n\t\t<div class=\"elementor-element elementor-element-bde23ee e-grid e-con-boxed wpr-particle-no wpr-jarallax-no wpr-parallax-no wpr-sticky-section-no e-con e-parent\" data-id=\"bde23ee\" data-element_type=\"container\">\n\t\t\t\t\t<div class=\"e-con-inner\">\n\t\t\t\t<div class=\"elementor-element elementor-element-17bbbd3 elementor-widget elementor-widget-image\" data-id=\"17bbbd3\" data-element_type=\"widget\" data-widget_type=\"image.default\">\n\t\t\t\t<div class=\"elementor-widget-container\">\n\t\t\t\t\t\t\t\t\t\t\t\t\t<img fetchpriority=\"high\" decoding=\"async\" width=\"600\" height=\"446\" src=\"https:\/\/www.associationfrancosuisse.com\/wp-content\/uploads\/2023\/10\/location-materiel-tente-1.jpg?wsr\" class=\"attachment-large size-large wp-image-924\" alt=\"\" srcset=\"https:\/\/www.associationfrancosuisse.com\/wp-content\/uploads\/2023\/10\/location-materiel-tente-1.jpg 600w, https:\/\/www.associationfrancosuisse.com\/wp-content\/uploads\/2023\/10\/location-materiel-tente-1-300x223.jpg 300w\" sizes=\"(max-width: 600px) 100vw, 600px\" \/>\t\t\t\t\t\t\t\t\t\t\t\t\t<\/div>\n\t\t\t\t<\/div>\n\t\t\t\t<div class=\"elementor-element elementor-element-be61be1 elementor-widget elementor-widget-image\" data-id=\"be61be1\" data-element_type=\"widget\" data-widget_type=\"image.default\">\n\t\t\t\t<div class=\"elementor-widget-container\">\n\t\t\t\t\t\t\t\t\t\t\t\t\t<img decoding=\"async\" width=\"363\" height=\"363\" src=\"https:\/\/www.associationfrancosuisse.com\/wp-content\/uploads\/2023\/10\/location-materiel-1.webp?wsr\" class=\"attachment-medium_large size-medium_large wp-image-923\" alt=\"\" srcset=\"https:\/\/www.associationfrancosuisse.com\/wp-content\/uploads\/2023\/10\/location-materiel-1.webp 363w, https:\/\/www.associationfrancosuisse.com\/wp-content\/uploads\/2023\/10\/location-materiel-1-300x300.webp 300w, https:\/\/www.associationfrancosuisse.com\/wp-content\/uploads\/2023\/10\/location-materiel-1-150x150.webp 150w\" sizes=\"(max-width: 363px) 100vw, 363px\" \/>\t\t\t\t\t\t\t\t\t\t\t\t\t<\/div>\n\t\t\t\t<\/div>\n\t\t\t\t\t<\/div>\n\t\t\t\t<\/div>\n\t\t<div class=\"elementor-element elementor-element-9eec6fe e-grid e-con-boxed wpr-particle-no wpr-jarallax-no wpr-parallax-no wpr-sticky-section-no e-con e-parent\" data-id=\"9eec6fe\" data-element_type=\"container\">\n\t\t\t\t\t<div class=\"e-con-inner\">\n\t\t\t\t<div class=\"elementor-element elementor-element-545dafd elementor-widget elementor-widget-text-editor\" data-id=\"545dafd\" data-element_type=\"widget\" data-widget_type=\"text-editor.default\">\n\t\t\t\t<div class=\"elementor-widget-container\">\n\t\t\t\t\t\t\t<h5 style=\"text-align: center;\"><span style=\"color: #ff0000;\">Tente 7 x 12m<\/span><\/h5><ul><li><p><span style=\"color: #333399;\">Capacit\u00e9 max: 300 personnes<\/span><\/p><\/li><li><p><span style=\"color: #333399;\">Certificat de S\u00e9curit\u00e9<\/span><\/p><\/li><li><p><span style=\"color: #333399;\">Ann\u00e9e de Fabrication 2021<\/span><\/p><\/li><\/ul>\t\t\t\t\t\t<\/div>\n\t\t\t\t<\/div>\n\t\t\t\t<div class=\"elementor-element elementor-element-5dec505 elementor-widget elementor-widget-text-editor\" data-id=\"5dec505\" data-element_type=\"widget\" data-widget_type=\"text-editor.default\">\n\t\t\t\t<div class=\"elementor-widget-container\">\n\t\t\t\t\t\t\t<h5 style=\"text-align: center;\"><span style=\"color: #ff0000;\">Table et bancs 2m<\/span><\/h5><ul><li><p><span style=\"color: #333399;\">Capacit\u00e9 max: 8 personnes<\/span><\/p><\/li><li><p><span style=\"color: #333399;\">Pliables<\/span><\/p><p><span style=\"color: #333399;\">\u00a0<\/span><\/p><\/li><\/ul>\t\t\t\t\t\t<\/div>\n\t\t\t\t<\/div>\n\t\t\t\t\t<\/div>\n\t\t\t\t<\/div>\n\t\t<div class=\"elementor-element elementor-element-5815eb2 e-flex e-con-boxed wpr-particle-no wpr-jarallax-no wpr-parallax-no wpr-sticky-section-no e-con e-parent\" data-id=\"5815eb2\" data-element_type=\"container\">\n\t\t\t\t\t<div class=\"e-con-inner\">\n\t\t\t\t<div class=\"elementor-element elementor-element-f9ac12c elementor-widget elementor-widget-wpforms\" data-id=\"f9ac12c\" data-element_type=\"widget\" data-widget_type=\"wpforms.default\">\n\t\t\t\t<div class=\"elementor-widget-container\">\n\t\t\t<style id=\"wpforms-css-vars-root\">\n\t\t\t\t:root {\n\t\t\t\t\t--wpforms-field-border-radius: 3px;\n--wpforms-field-border-style: solid;\n--wpforms-field-border-size: 1px;\n--wpforms-field-background-color: #ffffff;\n--wpforms-field-border-color: rgba( 0, 0, 0, 0.25 );\n--wpforms-field-border-color-spare: rgba( 0, 0, 0, 0.25 );\n--wpforms-field-text-color: rgba( 0, 0, 0, 0.7 );\n--wpforms-field-menu-color: #ffffff;\n--wpforms-label-color: rgba( 0, 0, 0, 0.85 );\n--wpforms-label-sublabel-color: rgba( 0, 0, 0, 0.55 );\n--wpforms-label-error-color: #d63637;\n--wpforms-button-border-radius: 3px;\n--wpforms-button-border-style: none;\n--wpforms-button-border-size: 1px;\n--wpforms-button-background-color: #066aab;\n--wpforms-button-border-color: #066aab;\n--wpforms-button-text-color: #ffffff;\n--wpforms-page-break-color: #066aab;\n--wpforms-background-image: none;\n--wpforms-background-position: center center;\n--wpforms-background-repeat: no-repeat;\n--wpforms-background-size: cover;\n--wpforms-background-width: 100px;\n--wpforms-background-height: 100px;\n--wpforms-background-color: rgba( 0, 0, 0, 0 );\n--wpforms-background-url: none;\n--wpforms-container-padding: 0px;\n--wpforms-container-border-style: none;\n--wpforms-container-border-width: 1px;\n--wpforms-container-border-color: #000000;\n--wpforms-container-border-radius: 3px;\n--wpforms-field-size-input-height: 43px;\n--wpforms-field-size-input-spacing: 15px;\n--wpforms-field-size-font-size: 16px;\n--wpforms-field-size-line-height: 19px;\n--wpforms-field-size-padding-h: 14px;\n--wpforms-field-size-checkbox-size: 16px;\n--wpforms-field-size-sublabel-spacing: 5px;\n--wpforms-field-size-icon-size: 1;\n--wpforms-label-size-font-size: 16px;\n--wpforms-label-size-line-height: 19px;\n--wpforms-label-size-sublabel-font-size: 14px;\n--wpforms-label-size-sublabel-line-height: 17px;\n--wpforms-button-size-font-size: 17px;\n--wpforms-button-size-height: 41px;\n--wpforms-button-size-padding-h: 15px;\n--wpforms-button-size-margin-top: 10px;\n--wpforms-container-shadow-size-box-shadow: none;\n\n\t\t\t\t}\n\t\t\t<\/style><style id=\"wpforms-css-vars-elementor-widget-f9ac12c\">\n\t\t\t\t.elementor-widget-wpforms.elementor-element-f9ac12c {\n\t\t\t\t\t--wpforms-field-background-color: #FFFFFF;\n--wpforms-field-size-input-height: 43px;\n--wpforms-field-size-input-spacing: 15px;\n--wpforms-field-size-font-size: 16px;\n--wpforms-field-size-line-height: 19px;\n--wpforms-field-size-padding-h: 14px;\n--wpforms-field-size-checkbox-size: 16px;\n--wpforms-field-size-sublabel-spacing: 5px;\n--wpforms-field-size-icon-size: 1;\n--wpforms-label-size-font-size: 16px;\n--wpforms-label-size-line-height: 19px;\n--wpforms-label-size-sublabel-font-size: 14px;\n--wpforms-label-size-sublabel-line-height: 17px;\n--wpforms-button-size-font-size: 17px;\n--wpforms-button-size-height: 41px;\n--wpforms-button-size-padding-h: 15px;\n--wpforms-button-size-margin-top: 10px;\n\n\t\t\t\t}\n\t\t\t<\/style><div class=\"wpforms-container wpforms-container-full wpforms-render-modern\" id=\"wpforms-934\"><form id=\"wpforms-form-934\" class=\"wpforms-validate wpforms-form wpforms-ajax-form\" data-formid=\"934\" method=\"post\" enctype=\"multipart\/form-data\" action=\"\/index.php\/wp-json\/wp\/v2\/pages\/229\" data-token=\"47c562a1a31012e5a8d5c0cd0bee3cbe\" data-token-time=\"1776393743\"><div class=\"wpforms-head-container\"><div class=\"wpforms-title\">Formulaire de location de materiel<\/div><\/div><noscript class=\"wpforms-error-noscript\">Veuillez activer JavaScript dans votre navigateur pour remplir ce formulaire.<\/noscript><div class=\"wpforms-hidden\" id=\"wpforms-error-noscript\">Veuillez activer JavaScript dans votre navigateur pour remplir ce formulaire.<\/div><div class=\"wpforms-field-container\"><div id=\"wpforms-934-field_0-container\" class=\"wpforms-field wpforms-field-name\" data-field-id=\"0\"><fieldset><legend class=\"wpforms-field-label\">Nom <span class=\"wpforms-required-label\" aria-hidden=\"true\">*<\/span><\/legend><div class=\"wpforms-field-row wpforms-field-medium\"><div class=\"wpforms-field-row-block wpforms-first wpforms-one-half\"><input type=\"text\" id=\"wpforms-934-field_0\" class=\"wpforms-field-name-first wpforms-field-required\" name=\"wpforms[fields][0][first]\" aria-errormessage=\"wpforms-934-field_0-error\" required><label for=\"wpforms-934-field_0\" class=\"wpforms-field-sublabel after\">Pr\u00e9nom<\/label><\/div><div class=\"wpforms-field-row-block wpforms-one-half\"><input type=\"text\" id=\"wpforms-934-field_0-last\" class=\"wpforms-field-name-last wpforms-field-required\" name=\"wpforms[fields][0][last]\" aria-errormessage=\"wpforms-934-field_0-last-error\" required><label for=\"wpforms-934-field_0-last\" class=\"wpforms-field-sublabel after\">Nom<\/label><\/div><\/div><\/fieldset><\/div><div id=\"wpforms-934-field_1-container\" class=\"wpforms-field wpforms-field-email\" data-field-id=\"1\"><label class=\"wpforms-field-label\" for=\"wpforms-934-field_1\">E-mail <span class=\"wpforms-required-label\" aria-hidden=\"true\">*<\/span><\/label><input type=\"email\" id=\"wpforms-934-field_1\" class=\"wpforms-field-medium wpforms-field-required\" name=\"wpforms[fields][1]\" spellcheck=\"false\" aria-errormessage=\"wpforms-934-field_1-error\" required><\/div><div id=\"wpforms-934-field_3-container\" class=\"wpforms-field wpforms-field-checkbox\" data-field-id=\"3\"><fieldset><legend class=\"wpforms-field-label\">Cases \u00e0 cocher<\/legend><ul id=\"wpforms-934-field_3\"><li class=\"choice-1 depth-1\"><input type=\"checkbox\" id=\"wpforms-934-field_3_1\" name=\"wpforms[fields][3][]\" value=\"Tente\" aria-errormessage=\"wpforms-934-field_3_1-error\"  ><label class=\"wpforms-field-label-inline\" for=\"wpforms-934-field_3_1\">Tente<\/label><\/li><\/ul><\/fieldset><\/div><div id=\"wpforms-934-field_6-container\" class=\"wpforms-field wpforms-field-select wpforms-field-select-style-classic\" data-field-id=\"6\"><label class=\"wpforms-field-label\" for=\"wpforms-934-field_6\">Liste d\u00e9roulante <span class=\"wpforms-required-label\" aria-hidden=\"true\">*<\/span><\/label><select id=\"wpforms-934-field_6\" class=\"wpforms-field-medium wpforms-field-required\" name=\"wpforms[fields][6]\" required=\"required\"><option value=\"0\" >0<\/option><option value=\"1\" >1<\/option><\/select><\/div><div id=\"wpforms-934-field_7-container\" class=\"wpforms-field wpforms-field-checkbox\" data-field-id=\"7\"><fieldset><legend class=\"wpforms-field-label\">Cases \u00e0 cocher<\/legend><ul id=\"wpforms-934-field_7\"><li class=\"choice-1 depth-1\"><input type=\"checkbox\" id=\"wpforms-934-field_7_1\" name=\"wpforms[fields][7][]\" value=\"Tables et bancs\" aria-errormessage=\"wpforms-934-field_7_1-error\"  ><label class=\"wpforms-field-label-inline\" for=\"wpforms-934-field_7_1\">Tables et bancs<\/label><\/li><\/ul><\/fieldset><\/div><div id=\"wpforms-934-field_8-container\" class=\"wpforms-field wpforms-field-select wpforms-field-select-style-classic\" data-field-id=\"8\"><label class=\"wpforms-field-label\" for=\"wpforms-934-field_8\">Liste d\u00e9roulante<\/label><select id=\"wpforms-934-field_8\" class=\"wpforms-field-medium\" name=\"wpforms[fields][8]\"><option value=\"0\" >0<\/option><option value=\"1\" >1<\/option><option value=\"2\" >2<\/option><option value=\"3\" >3<\/option><option value=\"4\" >4<\/option><option value=\"5\" >5<\/option><option value=\"6\" >6<\/option><option value=\"7\" >7<\/option><option value=\"8\" >8<\/option><option value=\"9\" >9<\/option><option value=\"10\" >10<\/option><\/select><\/div><div id=\"wpforms-934-field_2-container\" class=\"wpforms-field wpforms-field-textarea\" data-field-id=\"2\"><label class=\"wpforms-field-label\" for=\"wpforms-934-field_2\">Commentaire ou message<\/label><textarea id=\"wpforms-934-field_2\" class=\"wpforms-field-medium\" name=\"wpforms[fields][2]\" aria-errormessage=\"wpforms-934-field_2-error\" ><\/textarea><\/div><\/div><!-- .wpforms-field-container --><div class=\"wpforms-submit-container\" ><input type=\"hidden\" name=\"wpforms[id]\" value=\"934\"><input type=\"hidden\" name=\"page_title\" value=\"\"><input type=\"hidden\" name=\"page_url\" value=\"https:\/\/www.associationfrancosuisse.com\/index.php\/wp-json\/wp\/v2\/pages\/229\"><button type=\"submit\" name=\"wpforms[submit]\" id=\"wpforms-submit-934\" class=\"wpforms-submit\" data-alt-text=\"Envoi...\" data-submit-text=\"Envoyer\" aria-live=\"assertive\" value=\"wpforms-submit\">Envoyer<\/button><img decoding=\"async\" src=\"https:\/\/www.associationfrancosuisse.com\/wp-content\/plugins\/wpforms-lite\/assets\/images\/submit-spin.svg\" class=\"wpforms-submit-spinner\" style=\"display: none;\" width=\"26\" height=\"26\" alt=\"Chargement en cours\"><\/div><\/form><\/div>  <!-- .wpforms-container -->\t\t<\/div>\n\t\t\t\t<\/div>\n\t\t\t\t\t<\/div>\n\t\t\t\t<\/div>\n\t\t\t\t<\/div>\n\t\t","protected":false},"excerpt":{"rendered":"<p>LOCATION DE MATERIEL L&rsquo;Association vous propose une location de diff\u00e9rents types de mobilier pour toutes vos f\u00eates, \u00e9v\u00e9nements et r\u00e9ceptions tels que mariages, bapt\u00eames, anniversaires, \u00e9v\u00e9nements d\u2019entreprise, f\u00eates de jeunesse, f\u00eates de village, festivals et bien d\u2019autres encore. Tente 7 x 12m Capacit\u00e9 max: 300 personnes Certificat de S\u00e9curit\u00e9 Ann\u00e9e de Fabrication 2021 Table et bancs 2m Capacit\u00e9 max: 8 personnes Pliables \u00a0 Formulaire de location de materielVeuillez activer JavaScript dans votre navigateur pour remplir ce formulaire.Veuillez activer JavaScript dans votre navigateur pour remplir ce formulaire. Nom * Pr\u00e9nomNom E-mail * Cases \u00e0 cocher Tente Liste d\u00e9roulante *01 Cases \u00e0 cocher Tables et bancs Liste d\u00e9roulante012345678910Commentaire ou message Envoyer<\/p>\n","protected":false},"author":1,"featured_media":0,"parent":0,"menu_order":0,"comment_status":"closed","ping_status":"closed","template":"","meta":{"site-sidebar-layout":"no-sidebar","site-content-layout":"","ast-site-content-layout":"full-width-container","site-content-style":"default","site-sidebar-style":"default","ast-global-header-display":"","ast-banner-title-visibility":"","ast-main-header-display":"","ast-hfb-above-header-display":"","ast-hfb-below-header-display":"","ast-hfb-mobile-header-display":"","site-post-title":"disabled","ast-breadcrumbs-content":"","ast-featured-img":"disabled","footer-sml-layout":"","theme-transparent-header-meta":"","adv-header-id-meta":"","stick-header-meta":"","header-above-stick-meta":"","header-main-stick-meta":"","header-below-stick-meta":"","astra-migrate-meta-layouts":"","ngg_post_thumbnail":0,"footnotes":""},"class_list":["post-229","page","type-page","status-publish","hentry"],"yoast_head":"<!-- This site is optimized with the Yoast SEO plugin v24.0 - https:\/\/yoast.com\/wordpress\/plugins\/seo\/ -->\n<title>Location de mat\u00e9riel - Village Franco-Suisse de La Cure<\/title>\n<meta name=\"robots\" content=\"index, follow, max-snippet:-1, max-image-preview:large, max-video-preview:-1\" \/>\n<link rel=\"canonical\" href=\"https:\/\/www.associationfrancosuisse.com\/index.php\/location-de-materiel\/\" \/>\n<meta property=\"og:locale\" content=\"fr_FR\" \/>\n<meta property=\"og:type\" content=\"article\" \/>\n<meta property=\"og:title\" content=\"Location de mat\u00e9riel - Village Franco-Suisse de La Cure\" \/>\n<meta property=\"og:description\" content=\"LOCATION DE MATERIEL L&rsquo;Association vous propose une location de diff\u00e9rents types de mobilier pour toutes vos f\u00eates, \u00e9v\u00e9nements et r\u00e9ceptions tels que mariages, bapt\u00eames, anniversaires, \u00e9v\u00e9nements d\u2019entreprise, f\u00eates de jeunesse, f\u00eates de village, festivals et bien d\u2019autres encore. Tente 7 x 12m Capacit\u00e9 max: 300 personnes Certificat de S\u00e9curit\u00e9 Ann\u00e9e de Fabrication 2021 Table et bancs 2m Capacit\u00e9 max: 8 personnes Pliables \u00a0 Formulaire de location de materielVeuillez activer JavaScript dans votre navigateur pour remplir ce formulaire.Veuillez activer JavaScript dans votre navigateur pour remplir ce formulaire. Nom * Pr\u00e9nomNom E-mail * Cases \u00e0 cocher Tente Liste d\u00e9roulante *01 Cases \u00e0 cocher Tables et bancs Liste d\u00e9roulante012345678910Commentaire ou message Envoyer\" \/>\n<meta property=\"og:url\" content=\"https:\/\/www.associationfrancosuisse.com\/index.php\/location-de-materiel\/\" \/>\n<meta property=\"og:site_name\" content=\"Village Franco-Suisse de La Cure\" \/>\n<meta property=\"article:modified_time\" content=\"2023-10-20T09:59:28+00:00\" \/>\n<meta property=\"og:image\" content=\"https:\/\/www.associationfrancosuisse.com\/wp-content\/uploads\/2023\/10\/location-materiel-tente-1.jpg\" \/>\n<meta name=\"twitter:card\" content=\"summary_large_image\" \/>\n<meta name=\"twitter:label1\" content=\"Dur\u00e9e de lecture estim\u00e9e\" \/>\n\t<meta name=\"twitter:data1\" content=\"1 minute\" \/>\n<script type=\"application\/ld+json\" class=\"yoast-schema-graph\">{\"@context\":\"https:\/\/schema.org\",\"@graph\":[{\"@type\":\"WebPage\",\"@id\":\"https:\/\/www.associationfrancosuisse.com\/index.php\/location-de-materiel\/\",\"url\":\"https:\/\/www.associationfrancosuisse.com\/index.php\/location-de-materiel\/\",\"name\":\"Location de mat\u00e9riel - Village Franco-Suisse de La Cure\",\"isPartOf\":{\"@id\":\"https:\/\/www.associationfrancosuisse.com\/#website\"},\"primaryImageOfPage\":{\"@id\":\"https:\/\/www.associationfrancosuisse.com\/index.php\/location-de-materiel\/#primaryimage\"},\"image\":{\"@id\":\"https:\/\/www.associationfrancosuisse.com\/index.php\/location-de-materiel\/#primaryimage\"},\"thumbnailUrl\":\"https:\/\/www.associationfrancosuisse.com\/wp-content\/uploads\/2023\/10\/location-materiel-tente-1.jpg\",\"datePublished\":\"2023-10-09T05:41:10+00:00\",\"dateModified\":\"2023-10-20T09:59:28+00:00\",\"breadcrumb\":{\"@id\":\"https:\/\/www.associationfrancosuisse.com\/index.php\/location-de-materiel\/#breadcrumb\"},\"inLanguage\":\"fr-FR\",\"potentialAction\":[{\"@type\":\"ReadAction\",\"target\":[\"https:\/\/www.associationfrancosuisse.com\/index.php\/location-de-materiel\/\"]}]},{\"@type\":\"ImageObject\",\"inLanguage\":\"fr-FR\",\"@id\":\"https:\/\/www.associationfrancosuisse.com\/index.php\/location-de-materiel\/#primaryimage\",\"url\":\"https:\/\/www.associationfrancosuisse.com\/wp-content\/uploads\/2023\/10\/location-materiel-tente-1.jpg?wsr\",\"contentUrl\":\"https:\/\/www.associationfrancosuisse.com\/wp-content\/uploads\/2023\/10\/location-materiel-tente-1.jpg?wsr\",\"width\":600,\"height\":446},{\"@type\":\"BreadcrumbList\",\"@id\":\"https:\/\/www.associationfrancosuisse.com\/index.php\/location-de-materiel\/#breadcrumb\",\"itemListElement\":[{\"@type\":\"ListItem\",\"position\":1,\"name\":\"Accueil\",\"item\":\"https:\/\/www.associationfrancosuisse.com\/\"},{\"@type\":\"ListItem\",\"position\":2,\"name\":\"Location de mat\u00e9riel\"}]},{\"@type\":\"WebSite\",\"@id\":\"https:\/\/www.associationfrancosuisse.com\/#website\",\"url\":\"https:\/\/www.associationfrancosuisse.com\/\",\"name\":\"Village Franco-Suisse de La Cure\",\"description\":\"\",\"potentialAction\":[{\"@type\":\"SearchAction\",\"target\":{\"@type\":\"EntryPoint\",\"urlTemplate\":\"https:\/\/www.associationfrancosuisse.com\/?s={search_term_string}\"},\"query-input\":{\"@type\":\"PropertyValueSpecification\",\"valueRequired\":true,\"valueName\":\"search_term_string\"}}],\"inLanguage\":\"fr-FR\"}]}<\/script>\n<!-- \/ Yoast SEO plugin. -->","yoast_head_json":{"title":"Location de mat\u00e9riel - Village Franco-Suisse de La Cure","robots":{"index":"index","follow":"follow","max-snippet":"max-snippet:-1","max-image-preview":"max-image-preview:large","max-video-preview":"max-video-preview:-1"},"canonical":"https:\/\/www.associationfrancosuisse.com\/index.php\/location-de-materiel\/","og_locale":"fr_FR","og_type":"article","og_title":"Location de mat\u00e9riel - Village Franco-Suisse de La Cure","og_description":"LOCATION DE MATERIEL L&rsquo;Association vous propose une location de diff\u00e9rents types de mobilier pour toutes vos f\u00eates, \u00e9v\u00e9nements et r\u00e9ceptions tels que mariages, bapt\u00eames, anniversaires, \u00e9v\u00e9nements d\u2019entreprise, f\u00eates de jeunesse, f\u00eates de village, festivals et bien d\u2019autres encore. Tente 7 x 12m Capacit\u00e9 max: 300 personnes Certificat de S\u00e9curit\u00e9 Ann\u00e9e de Fabrication 2021 Table et bancs 2m Capacit\u00e9 max: 8 personnes Pliables \u00a0 Formulaire de location de materielVeuillez activer JavaScript dans votre navigateur pour remplir ce formulaire.Veuillez activer JavaScript dans votre navigateur pour remplir ce formulaire. Nom * Pr\u00e9nomNom E-mail * Cases \u00e0 cocher Tente Liste d\u00e9roulante *01 Cases \u00e0 cocher Tables et bancs Liste d\u00e9roulante012345678910Commentaire ou message Envoyer","og_url":"https:\/\/www.associationfrancosuisse.com\/index.php\/location-de-materiel\/","og_site_name":"Village Franco-Suisse de La Cure","article_modified_time":"2023-10-20T09:59:28+00:00","og_image":[{"url":"https:\/\/www.associationfrancosuisse.com\/wp-content\/uploads\/2023\/10\/location-materiel-tente-1.jpg","type":"","width":"","height":""}],"twitter_card":"summary_large_image","twitter_misc":{"Dur\u00e9e de lecture estim\u00e9e":"1 minute"},"schema":{"@context":"https:\/\/schema.org","@graph":[{"@type":"WebPage","@id":"https:\/\/www.associationfrancosuisse.com\/index.php\/location-de-materiel\/","url":"https:\/\/www.associationfrancosuisse.com\/index.php\/location-de-materiel\/","name":"Location de mat\u00e9riel - Village Franco-Suisse de La Cure","isPartOf":{"@id":"https:\/\/www.associationfrancosuisse.com\/#website"},"primaryImageOfPage":{"@id":"https:\/\/www.associationfrancosuisse.com\/index.php\/location-de-materiel\/#primaryimage"},"image":{"@id":"https:\/\/www.associationfrancosuisse.com\/index.php\/location-de-materiel\/#primaryimage"},"thumbnailUrl":"https:\/\/www.associationfrancosuisse.com\/wp-content\/uploads\/2023\/10\/location-materiel-tente-1.jpg","datePublished":"2023-10-09T05:41:10+00:00","dateModified":"2023-10-20T09:59:28+00:00","breadcrumb":{"@id":"https:\/\/www.associationfrancosuisse.com\/index.php\/location-de-materiel\/#breadcrumb"},"inLanguage":"fr-FR","potentialAction":[{"@type":"ReadAction","target":["https:\/\/www.associationfrancosuisse.com\/index.php\/location-de-materiel\/"]}]},{"@type":"ImageObject","inLanguage":"fr-FR","@id":"https:\/\/www.associationfrancosuisse.com\/index.php\/location-de-materiel\/#primaryimage","url":"https:\/\/www.associationfrancosuisse.com\/wp-content\/uploads\/2023\/10\/location-materiel-tente-1.jpg?wsr","contentUrl":"https:\/\/www.associationfrancosuisse.com\/wp-content\/uploads\/2023\/10\/location-materiel-tente-1.jpg?wsr","width":600,"height":446},{"@type":"BreadcrumbList","@id":"https:\/\/www.associationfrancosuisse.com\/index.php\/location-de-materiel\/#breadcrumb","itemListElement":[{"@type":"ListItem","position":1,"name":"Accueil","item":"https:\/\/www.associationfrancosuisse.com\/"},{"@type":"ListItem","position":2,"name":"Location de mat\u00e9riel"}]},{"@type":"WebSite","@id":"https:\/\/www.associationfrancosuisse.com\/#website","url":"https:\/\/www.associationfrancosuisse.com\/","name":"Village Franco-Suisse de La Cure","description":"","potentialAction":[{"@type":"SearchAction","target":{"@type":"EntryPoint","urlTemplate":"https:\/\/www.associationfrancosuisse.com\/?s={search_term_string}"},"query-input":{"@type":"PropertyValueSpecification","valueRequired":true,"valueName":"search_term_string"}}],"inLanguage":"fr-FR"}]}},"_links":{"self":[{"href":"https:\/\/www.associationfrancosuisse.com\/index.php\/wp-json\/wp\/v2\/pages\/229","targetHints":{"allow":["GET"]}}],"collection":[{"href":"https:\/\/www.associationfrancosuisse.com\/index.php\/wp-json\/wp\/v2\/pages"}],"about":[{"href":"https:\/\/www.associationfrancosuisse.com\/index.php\/wp-json\/wp\/v2\/types\/page"}],"author":[{"embeddable":true,"href":"https:\/\/www.associationfrancosuisse.com\/index.php\/wp-json\/wp\/v2\/users\/1"}],"replies":[{"embeddable":true,"href":"https:\/\/www.associationfrancosuisse.com\/index.php\/wp-json\/wp\/v2\/comments?post=229"}],"version-history":[{"count":13,"href":"https:\/\/www.associationfrancosuisse.com\/index.php\/wp-json\/wp\/v2\/pages\/229\/revisions"}],"predecessor-version":[{"id":940,"href":"https:\/\/www.associationfrancosuisse.com\/index.php\/wp-json\/wp\/v2\/pages\/229\/revisions\/940"}],"wp:attachment":[{"href":"https:\/\/www.associationfrancosuisse.com\/index.php\/wp-json\/wp\/v2\/media?parent=229"}],"curies":[{"name":"wp","href":"https:\/\/api.w.org\/{rel}","templated":true}]}}