{"id":216,"date":"2023-10-07T09:47:05","date_gmt":"2023-10-07T07:47:05","guid":{"rendered":"http:\/\/ypfogfu.cluster028.hosting.ovh.net\/index.php\/newsletter\/"},"modified":"2023-10-15T12:51:03","modified_gmt":"2023-10-15T10:51:03","slug":"newsletter","status":"publish","type":"page","link":"https:\/\/www.associationfrancosuisse.com\/index.php\/newsletter\/","title":{"rendered":"Newsletter"},"content":{"rendered":"<h3 style=\"text-align: center;\"><span style=\"color: #ff0000;\"><strong>Restez inform\u00e9 des actualit\u00e9s et \u00e9v\u00e8nements du village!<\/strong><\/span><\/h3>\n<div class=\"tnp tnp-subscription \">\n<form method=\"post\" action=\"https:\/\/www.associationfrancosuisse.com\/wp-admin\/admin-ajax.php?action=tnp&amp;na=s\">\n<input type=\"hidden\" name=\"nlang\" value=\"\">\n<div class=\"tnp-field tnp-field-firstname\"><label for=\"tnp-1\">Pr\u00e9nom<\/label>\n<input class=\"tnp-name\" type=\"text\" name=\"nn\" id=\"tnp-1\" value=\"\" placeholder=\"\" required><\/div>\n<div class=\"tnp-field tnp-field-surname\"><label for=\"tnp-2\">Nom de famille<\/label>\n<input class=\"tnp-surname\" type=\"text\" name=\"ns\" id=\"tnp-2\" value=\"\" placeholder=\"\" required><\/div><div class=\"tnp-field tnp-field-email\"><label for=\"tnp-3\">E-mail<\/label>\n<input class=\"tnp-email\" type=\"email\" name=\"ne\" id=\"tnp-3\" value=\"\" placeholder=\"\" required><\/div>\n<div class=\"tnp-field tnp-privacy-field\"><label><input type=\"checkbox\" name=\"ny\" required class=\"tnp-privacy\"> I accept the privacy policy<\/label><\/div><div class=\"tnp-field tnp-field-button\" style=\"text-align: left\"><input class=\"tnp-submit\" type=\"submit\" value=\"S&#039;abonner\" style=\"\">\n<\/div>\n<\/form>\n<\/div>\n\n","protected":false},"excerpt":{"rendered":"<p>Restez inform\u00e9 des actualit\u00e9s et \u00e9v\u00e8nements du village!<\/p>\n","protected":false},"author":1,"featured_media":0,"parent":0,"menu_order":0,"comment_status":"closed","ping_status":"closed","template":"","meta":{"site-sidebar-layout":"default","site-content-layout":"","ast-site-content-layout":"default","site-content-style":"default","site-sidebar-style":"default","ast-global-header-display":"","ast-banner-title-visibility":"","ast-main-header-display":"","ast-hfb-above-header-display":"","ast-hfb-below-header-display":"","ast-hfb-mobile-header-display":"","site-post-title":"disabled","ast-breadcrumbs-content":"","ast-featured-img":"","footer-sml-layout":"","theme-transparent-header-meta":"default","adv-header-id-meta":"","stick-header-meta":"","header-above-stick-meta":"","header-main-stick-meta":"","header-below-stick-meta":"","astra-migrate-meta-layouts":"set","ngg_post_thumbnail":0,"footnotes":""},"class_list":["post-216","page","type-page","status-publish","hentry"],"yoast_head":"<!-- This site is optimized with the Yoast SEO plugin v24.0 - https:\/\/yoast.com\/wordpress\/plugins\/seo\/ -->\n<title>Newsletter - Village Franco-Suisse de La Cure<\/title>\n<meta name=\"robots\" content=\"index, follow, max-snippet:-1, max-image-preview:large, max-video-preview:-1\" \/>\n<link rel=\"canonical\" href=\"https:\/\/www.associationfrancosuisse.com\/index.php\/newsletter\/\" \/>\n<meta property=\"og:locale\" content=\"fr_FR\" \/>\n<meta property=\"og:type\" content=\"article\" \/>\n<meta property=\"og:title\" content=\"Newsletter - Village Franco-Suisse de La Cure\" \/>\n<meta property=\"og:description\" content=\"Restez inform\u00e9 des actualit\u00e9s et \u00e9v\u00e8nements du village!\" \/>\n<meta property=\"og:url\" content=\"https:\/\/www.associationfrancosuisse.com\/index.php\/newsletter\/\" \/>\n<meta property=\"og:site_name\" content=\"Village Franco-Suisse de La Cure\" \/>\n<meta property=\"article:modified_time\" content=\"2023-10-15T10:51:03+00:00\" \/>\n<meta name=\"twitter:card\" content=\"summary_large_image\" \/>\n<meta name=\"twitter:label1\" content=\"Dur\u00e9e de lecture estim\u00e9e\" \/>\n\t<meta name=\"twitter:data1\" content=\"1 minute\" \/>\n<script type=\"application\/ld+json\" class=\"yoast-schema-graph\">{\"@context\":\"https:\/\/schema.org\",\"@graph\":[{\"@type\":\"WebPage\",\"@id\":\"https:\/\/www.associationfrancosuisse.com\/index.php\/newsletter\/\",\"url\":\"https:\/\/www.associationfrancosuisse.com\/index.php\/newsletter\/\",\"name\":\"Newsletter - Village Franco-Suisse de La Cure\",\"isPartOf\":{\"@id\":\"https:\/\/www.associationfrancosuisse.com\/#website\"},\"datePublished\":\"2023-10-07T07:47:05+00:00\",\"dateModified\":\"2023-10-15T10:51:03+00:00\",\"breadcrumb\":{\"@id\":\"https:\/\/www.associationfrancosuisse.com\/index.php\/newsletter\/#breadcrumb\"},\"inLanguage\":\"fr-FR\",\"potentialAction\":[{\"@type\":\"ReadAction\",\"target\":[\"https:\/\/www.associationfrancosuisse.com\/index.php\/newsletter\/\"]}]},{\"@type\":\"BreadcrumbList\",\"@id\":\"https:\/\/www.associationfrancosuisse.com\/index.php\/newsletter\/#breadcrumb\",\"itemListElement\":[{\"@type\":\"ListItem\",\"position\":1,\"name\":\"Accueil\",\"item\":\"https:\/\/www.associationfrancosuisse.com\/\"},{\"@type\":\"ListItem\",\"position\":2,\"name\":\"Newsletter\"}]},{\"@type\":\"WebSite\",\"@id\":\"https:\/\/www.associationfrancosuisse.com\/#website\",\"url\":\"https:\/\/www.associationfrancosuisse.com\/\",\"name\":\"Village Franco-Suisse de La Cure\",\"description\":\"\",\"potentialAction\":[{\"@type\":\"SearchAction\",\"target\":{\"@type\":\"EntryPoint\",\"urlTemplate\":\"https:\/\/www.associationfrancosuisse.com\/?s={search_term_string}\"},\"query-input\":{\"@type\":\"PropertyValueSpecification\",\"valueRequired\":true,\"valueName\":\"search_term_string\"}}],\"inLanguage\":\"fr-FR\"}]}<\/script>\n<!-- \/ Yoast SEO plugin. -->","yoast_head_json":{"title":"Newsletter - Village Franco-Suisse de La Cure","robots":{"index":"index","follow":"follow","max-snippet":"max-snippet:-1","max-image-preview":"max-image-preview:large","max-video-preview":"max-video-preview:-1"},"canonical":"https:\/\/www.associationfrancosuisse.com\/index.php\/newsletter\/","og_locale":"fr_FR","og_type":"article","og_title":"Newsletter - Village Franco-Suisse de La Cure","og_description":"Restez inform\u00e9 des actualit\u00e9s et \u00e9v\u00e8nements du village!","og_url":"https:\/\/www.associationfrancosuisse.com\/index.php\/newsletter\/","og_site_name":"Village Franco-Suisse de La Cure","article_modified_time":"2023-10-15T10:51:03+00:00","twitter_card":"summary_large_image","twitter_misc":{"Dur\u00e9e de lecture estim\u00e9e":"1 minute"},"schema":{"@context":"https:\/\/schema.org","@graph":[{"@type":"WebPage","@id":"https:\/\/www.associationfrancosuisse.com\/index.php\/newsletter\/","url":"https:\/\/www.associationfrancosuisse.com\/index.php\/newsletter\/","name":"Newsletter - Village Franco-Suisse de La Cure","isPartOf":{"@id":"https:\/\/www.associationfrancosuisse.com\/#website"},"datePublished":"2023-10-07T07:47:05+00:00","dateModified":"2023-10-15T10:51:03+00:00","breadcrumb":{"@id":"https:\/\/www.associationfrancosuisse.com\/index.php\/newsletter\/#breadcrumb"},"inLanguage":"fr-FR","potentialAction":[{"@type":"ReadAction","target":["https:\/\/www.associationfrancosuisse.com\/index.php\/newsletter\/"]}]},{"@type":"BreadcrumbList","@id":"https:\/\/www.associationfrancosuisse.com\/index.php\/newsletter\/#breadcrumb","itemListElement":[{"@type":"ListItem","position":1,"name":"Accueil","item":"https:\/\/www.associationfrancosuisse.com\/"},{"@type":"ListItem","position":2,"name":"Newsletter"}]},{"@type":"WebSite","@id":"https:\/\/www.associationfrancosuisse.com\/#website","url":"https:\/\/www.associationfrancosuisse.com\/","name":"Village Franco-Suisse de La Cure","description":"","potentialAction":[{"@type":"SearchAction","target":{"@type":"EntryPoint","urlTemplate":"https:\/\/www.associationfrancosuisse.com\/?s={search_term_string}"},"query-input":{"@type":"PropertyValueSpecification","valueRequired":true,"valueName":"search_term_string"}}],"inLanguage":"fr-FR"}]}},"_links":{"self":[{"href":"https:\/\/www.associationfrancosuisse.com\/index.php\/wp-json\/wp\/v2\/pages\/216","targetHints":{"allow":["GET"]}}],"collection":[{"href":"https:\/\/www.associationfrancosuisse.com\/index.php\/wp-json\/wp\/v2\/pages"}],"about":[{"href":"https:\/\/www.associationfrancosuisse.com\/index.php\/wp-json\/wp\/v2\/types\/page"}],"author":[{"embeddable":true,"href":"https:\/\/www.associationfrancosuisse.com\/index.php\/wp-json\/wp\/v2\/users\/1"}],"replies":[{"embeddable":true,"href":"https:\/\/www.associationfrancosuisse.com\/index.php\/wp-json\/wp\/v2\/comments?post=216"}],"version-history":[{"count":6,"href":"https:\/\/www.associationfrancosuisse.com\/index.php\/wp-json\/wp\/v2\/pages\/216\/revisions"}],"predecessor-version":[{"id":563,"href":"https:\/\/www.associationfrancosuisse.com\/index.php\/wp-json\/wp\/v2\/pages\/216\/revisions\/563"}],"wp:attachment":[{"href":"https:\/\/www.associationfrancosuisse.com\/index.php\/wp-json\/wp\/v2\/media?parent=216"}],"curies":[{"name":"wp","href":"https:\/\/api.w.org\/{rel}","templated":true}]}}