{"id":193,"date":"2023-10-07T09:18:26","date_gmt":"2023-10-07T07:18:26","guid":{"rendered":"http:\/\/ypfogfu.cluster028.hosting.ovh.net\/?page_id=193"},"modified":"2023-10-23T18:10:24","modified_gmt":"2023-10-23T16:10:24","slug":"histoire","status":"publish","type":"page","link":"https:\/\/www.associationfrancosuisse.com\/index.php\/histoire\/","title":{"rendered":"Histoire"},"content":{"rendered":"\t\t<div data-elementor-type=\"wp-page\" data-elementor-id=\"193\" class=\"elementor elementor-193\">\n\t\t\t\t<div class=\"elementor-element elementor-element-39ac7a6 e-flex e-con-boxed wpr-particle-no wpr-jarallax-no wpr-parallax-no wpr-sticky-section-no e-con e-parent\" data-id=\"39ac7a6\" data-element_type=\"container\">\n\t\t\t\t\t<div class=\"e-con-inner\">\n\t\t\t\t<div class=\"elementor-element elementor-element-7fe6250 elementor-widget elementor-widget-heading\" data-id=\"7fe6250\" data-element_type=\"widget\" data-widget_type=\"heading.default\">\n\t\t\t\t<div class=\"elementor-widget-container\">\n\t\t\t<h2 class=\"elementor-heading-title elementor-size-default\">Histoire et but de l'ASSOCIATION FRANCO-SUISSE<\/h2>\t\t<\/div>\n\t\t\t\t<\/div>\n\t\t\t\t\t<\/div>\n\t\t\t\t<\/div>\n\t\t<div class=\"elementor-element elementor-element-18b3e2c e-flex e-con-boxed wpr-particle-no wpr-jarallax-no wpr-parallax-no wpr-sticky-section-no e-con e-parent\" data-id=\"18b3e2c\" data-element_type=\"container\">\n\t\t\t\t\t<div class=\"e-con-inner\">\n\t\t\t\t<div class=\"elementor-element elementor-element-6c86773 elementor-widget elementor-widget-text-editor\" data-id=\"6c86773\" data-element_type=\"widget\" data-widget_type=\"text-editor.default\">\n\t\t\t\t<div class=\"elementor-widget-container\">\n\t\t\t\t\t\t\t<p><span style=\"color: #333399;\">\u00ab\u00a0<strong>S\u00e9par\u00e9<\/strong>\u00ab\u00a0, \u00ab\u00a0<strong>divis\u00e9<\/strong>\u00ab\u00a0, \u00ab\u00a0<strong>\u00e9loign\u00e9<\/strong>\u00ab\u00a0, autant d&rsquo;adjectifs qui pourraient d\u00e9crire la situation du village de la Cure. <\/span><\/p><p><span style=\"color: #333399;\">En effet,<\/span><span style=\"color: #333399;\"> depuis le trait\u00e9 des Dappes en 1862, la Cure se retrouve dans une situation tout a fait atypique: <\/span><\/p><ul><li><span style=\"color: #333399;\"><strong>S\u00e9par\u00e9<\/strong>: en 2 communes (Les Rousses \/ Saint-Cergue)<br \/><\/span><\/li><li><span style=\"color: #333399;\"><strong>Divis\u00e9<\/strong>: en 2 pays (France \/ Suisse)<br \/><\/span><\/li><li><span style=\"color: #333399;\"><strong>Scind\u00e9<\/strong> : en 2 monnaies (Euro \/ Francs Suisse)<\/span><\/li><li><span style=\"color: #333399;\"><strong>Eloign\u00e9<\/strong>: des centres des villages des Rousses et de Saint-Cergue<\/span><\/li><\/ul><h5>\u00a0<\/h5><p><span style=\"color: #333399;\"> En 1948, une poign\u00e9e d&rsquo;habitants des deux parties du village se dise que cette situation unique doit <\/span><span style=\"color: #333399;\">au contraire \u00eatre une force.\u00a0 Ils d\u00e9cident alors de se <strong>REGROUPER<\/strong>, s&rsquo;<strong>ENTRAIDER<\/strong>, <strong>PARTAGER<\/strong> leur savoir faire. En un mot s&rsquo;<strong>ASSOCIER<\/strong>. <\/span><span style=\"color: #333399;\">L&rsquo;<strong>Association Franco-Suisse<\/strong> voit le jour. <br \/><\/span><\/p><p><span style=\"color: #333399;\">Depuis plus de 75 ans, des hommes et des femmes des deux parties du village s&rsquo;unissent pour permettre au village d&rsquo;exister.<\/span><\/p><div>\u00a0<\/div>\t\t\t\t\t\t<\/div>\n\t\t\t\t<\/div>\n\t\t\t\t\t<\/div>\n\t\t\t\t<\/div>\n\t\t\t\t<\/div>\n\t\t","protected":false},"excerpt":{"rendered":"<p>Histoire et but de l&rsquo;ASSOCIATION FRANCO-SUISSE \u00ab\u00a0S\u00e9par\u00e9\u00ab\u00a0, \u00ab\u00a0divis\u00e9\u00ab\u00a0, \u00ab\u00a0\u00e9loign\u00e9\u00ab\u00a0, autant d&rsquo;adjectifs qui pourraient d\u00e9crire la situation du village de la Cure. En effet, depuis le trait\u00e9 des Dappes en 1862, la Cure se retrouve dans une situation tout a fait atypique: S\u00e9par\u00e9: en 2 communes (Les Rousses \/ Saint-Cergue) Divis\u00e9: en 2 pays (France \/ Suisse) Scind\u00e9 : en 2 monnaies (Euro \/ Francs Suisse) Eloign\u00e9: des centres des villages des Rousses et de Saint-Cergue \u00a0 En 1948, une poign\u00e9e d&rsquo;habitants des deux parties du village se dise que cette situation unique doit au contraire \u00eatre une force.\u00a0 Ils d\u00e9cident alors de se REGROUPER, s&rsquo;ENTRAIDER, PARTAGER leur savoir faire. En un mot s&rsquo;ASSOCIER. L&rsquo;Association Franco-Suisse voit le jour. Depuis plus de 75 ans, des hommes et des femmes des deux parties du village s&rsquo;unissent pour permettre au village d&rsquo;exister. \u00a0<\/p>\n","protected":false},"author":1,"featured_media":0,"parent":0,"menu_order":0,"comment_status":"closed","ping_status":"closed","template":"","meta":{"site-sidebar-layout":"no-sidebar","site-content-layout":"","ast-site-content-layout":"full-width-container","site-content-style":"default","site-sidebar-style":"default","ast-global-header-display":"","ast-banner-title-visibility":"","ast-main-header-display":"","ast-hfb-above-header-display":"","ast-hfb-below-header-display":"","ast-hfb-mobile-header-display":"","site-post-title":"disabled","ast-breadcrumbs-content":"","ast-featured-img":"disabled","footer-sml-layout":"","theme-transparent-header-meta":"","adv-header-id-meta":"","stick-header-meta":"","header-above-stick-meta":"","header-main-stick-meta":"","header-below-stick-meta":"","astra-migrate-meta-layouts":"","ngg_post_thumbnail":0,"footnotes":""},"class_list":["post-193","page","type-page","status-publish","hentry"],"yoast_head":"<!-- This site is optimized with the Yoast SEO plugin v24.0 - https:\/\/yoast.com\/wordpress\/plugins\/seo\/ -->\n<title>Histoire - Village Franco-Suisse de La Cure<\/title>\n<meta name=\"robots\" content=\"index, follow, max-snippet:-1, max-image-preview:large, max-video-preview:-1\" \/>\n<link rel=\"canonical\" href=\"https:\/\/www.associationfrancosuisse.com\/index.php\/histoire\/\" \/>\n<meta property=\"og:locale\" content=\"fr_FR\" \/>\n<meta property=\"og:type\" content=\"article\" \/>\n<meta property=\"og:title\" content=\"Histoire - Village Franco-Suisse de La Cure\" \/>\n<meta property=\"og:description\" content=\"Histoire et but de l&rsquo;ASSOCIATION FRANCO-SUISSE \u00ab\u00a0S\u00e9par\u00e9\u00ab\u00a0, \u00ab\u00a0divis\u00e9\u00ab\u00a0, \u00ab\u00a0\u00e9loign\u00e9\u00ab\u00a0, autant d&rsquo;adjectifs qui pourraient d\u00e9crire la situation du village de la Cure. En effet, depuis le trait\u00e9 des Dappes en 1862, la Cure se retrouve dans une situation tout a fait atypique: S\u00e9par\u00e9: en 2 communes (Les Rousses \/ Saint-Cergue) Divis\u00e9: en 2 pays (France \/ Suisse) Scind\u00e9 : en 2 monnaies (Euro \/ Francs Suisse) Eloign\u00e9: des centres des villages des Rousses et de Saint-Cergue \u00a0 En 1948, une poign\u00e9e d&rsquo;habitants des deux parties du village se dise que cette situation unique doit au contraire \u00eatre une force.\u00a0 Ils d\u00e9cident alors de se REGROUPER, s&rsquo;ENTRAIDER, PARTAGER leur savoir faire. En un mot s&rsquo;ASSOCIER. L&rsquo;Association Franco-Suisse voit le jour. Depuis plus de 75 ans, des hommes et des femmes des deux parties du village s&rsquo;unissent pour permettre au village d&rsquo;exister. \u00a0\" \/>\n<meta property=\"og:url\" content=\"https:\/\/www.associationfrancosuisse.com\/index.php\/histoire\/\" \/>\n<meta property=\"og:site_name\" content=\"Village Franco-Suisse de La Cure\" \/>\n<meta property=\"article:modified_time\" content=\"2023-10-23T16:10:24+00:00\" \/>\n<meta name=\"twitter:card\" content=\"summary_large_image\" \/>\n<meta name=\"twitter:label1\" content=\"Dur\u00e9e de lecture estim\u00e9e\" \/>\n\t<meta name=\"twitter:data1\" content=\"1 minute\" \/>\n<script type=\"application\/ld+json\" class=\"yoast-schema-graph\">{\"@context\":\"https:\/\/schema.org\",\"@graph\":[{\"@type\":\"WebPage\",\"@id\":\"https:\/\/www.associationfrancosuisse.com\/index.php\/histoire\/\",\"url\":\"https:\/\/www.associationfrancosuisse.com\/index.php\/histoire\/\",\"name\":\"Histoire - Village Franco-Suisse de La Cure\",\"isPartOf\":{\"@id\":\"https:\/\/www.associationfrancosuisse.com\/#website\"},\"datePublished\":\"2023-10-07T07:18:26+00:00\",\"dateModified\":\"2023-10-23T16:10:24+00:00\",\"breadcrumb\":{\"@id\":\"https:\/\/www.associationfrancosuisse.com\/index.php\/histoire\/#breadcrumb\"},\"inLanguage\":\"fr-FR\",\"potentialAction\":[{\"@type\":\"ReadAction\",\"target\":[\"https:\/\/www.associationfrancosuisse.com\/index.php\/histoire\/\"]}]},{\"@type\":\"BreadcrumbList\",\"@id\":\"https:\/\/www.associationfrancosuisse.com\/index.php\/histoire\/#breadcrumb\",\"itemListElement\":[{\"@type\":\"ListItem\",\"position\":1,\"name\":\"Accueil\",\"item\":\"https:\/\/www.associationfrancosuisse.com\/\"},{\"@type\":\"ListItem\",\"position\":2,\"name\":\"Histoire\"}]},{\"@type\":\"WebSite\",\"@id\":\"https:\/\/www.associationfrancosuisse.com\/#website\",\"url\":\"https:\/\/www.associationfrancosuisse.com\/\",\"name\":\"Village Franco-Suisse de La Cure\",\"description\":\"\",\"potentialAction\":[{\"@type\":\"SearchAction\",\"target\":{\"@type\":\"EntryPoint\",\"urlTemplate\":\"https:\/\/www.associationfrancosuisse.com\/?s={search_term_string}\"},\"query-input\":{\"@type\":\"PropertyValueSpecification\",\"valueRequired\":true,\"valueName\":\"search_term_string\"}}],\"inLanguage\":\"fr-FR\"}]}<\/script>\n<!-- \/ Yoast SEO plugin. -->","yoast_head_json":{"title":"Histoire - Village Franco-Suisse de La Cure","robots":{"index":"index","follow":"follow","max-snippet":"max-snippet:-1","max-image-preview":"max-image-preview:large","max-video-preview":"max-video-preview:-1"},"canonical":"https:\/\/www.associationfrancosuisse.com\/index.php\/histoire\/","og_locale":"fr_FR","og_type":"article","og_title":"Histoire - Village Franco-Suisse de La Cure","og_description":"Histoire et but de l&rsquo;ASSOCIATION FRANCO-SUISSE \u00ab\u00a0S\u00e9par\u00e9\u00ab\u00a0, \u00ab\u00a0divis\u00e9\u00ab\u00a0, \u00ab\u00a0\u00e9loign\u00e9\u00ab\u00a0, autant d&rsquo;adjectifs qui pourraient d\u00e9crire la situation du village de la Cure. En effet, depuis le trait\u00e9 des Dappes en 1862, la Cure se retrouve dans une situation tout a fait atypique: S\u00e9par\u00e9: en 2 communes (Les Rousses \/ Saint-Cergue) Divis\u00e9: en 2 pays (France \/ Suisse) Scind\u00e9 : en 2 monnaies (Euro \/ Francs Suisse) Eloign\u00e9: des centres des villages des Rousses et de Saint-Cergue \u00a0 En 1948, une poign\u00e9e d&rsquo;habitants des deux parties du village se dise que cette situation unique doit au contraire \u00eatre une force.\u00a0 Ils d\u00e9cident alors de se REGROUPER, s&rsquo;ENTRAIDER, PARTAGER leur savoir faire. En un mot s&rsquo;ASSOCIER. L&rsquo;Association Franco-Suisse voit le jour. Depuis plus de 75 ans, des hommes et des femmes des deux parties du village s&rsquo;unissent pour permettre au village d&rsquo;exister. \u00a0","og_url":"https:\/\/www.associationfrancosuisse.com\/index.php\/histoire\/","og_site_name":"Village Franco-Suisse de La Cure","article_modified_time":"2023-10-23T16:10:24+00:00","twitter_card":"summary_large_image","twitter_misc":{"Dur\u00e9e de lecture estim\u00e9e":"1 minute"},"schema":{"@context":"https:\/\/schema.org","@graph":[{"@type":"WebPage","@id":"https:\/\/www.associationfrancosuisse.com\/index.php\/histoire\/","url":"https:\/\/www.associationfrancosuisse.com\/index.php\/histoire\/","name":"Histoire - Village Franco-Suisse de La Cure","isPartOf":{"@id":"https:\/\/www.associationfrancosuisse.com\/#website"},"datePublished":"2023-10-07T07:18:26+00:00","dateModified":"2023-10-23T16:10:24+00:00","breadcrumb":{"@id":"https:\/\/www.associationfrancosuisse.com\/index.php\/histoire\/#breadcrumb"},"inLanguage":"fr-FR","potentialAction":[{"@type":"ReadAction","target":["https:\/\/www.associationfrancosuisse.com\/index.php\/histoire\/"]}]},{"@type":"BreadcrumbList","@id":"https:\/\/www.associationfrancosuisse.com\/index.php\/histoire\/#breadcrumb","itemListElement":[{"@type":"ListItem","position":1,"name":"Accueil","item":"https:\/\/www.associationfrancosuisse.com\/"},{"@type":"ListItem","position":2,"name":"Histoire"}]},{"@type":"WebSite","@id":"https:\/\/www.associationfrancosuisse.com\/#website","url":"https:\/\/www.associationfrancosuisse.com\/","name":"Village Franco-Suisse de La Cure","description":"","potentialAction":[{"@type":"SearchAction","target":{"@type":"EntryPoint","urlTemplate":"https:\/\/www.associationfrancosuisse.com\/?s={search_term_string}"},"query-input":{"@type":"PropertyValueSpecification","valueRequired":true,"valueName":"search_term_string"}}],"inLanguage":"fr-FR"}]}},"_links":{"self":[{"href":"https:\/\/www.associationfrancosuisse.com\/index.php\/wp-json\/wp\/v2\/pages\/193","targetHints":{"allow":["GET"]}}],"collection":[{"href":"https:\/\/www.associationfrancosuisse.com\/index.php\/wp-json\/wp\/v2\/pages"}],"about":[{"href":"https:\/\/www.associationfrancosuisse.com\/index.php\/wp-json\/wp\/v2\/types\/page"}],"author":[{"embeddable":true,"href":"https:\/\/www.associationfrancosuisse.com\/index.php\/wp-json\/wp\/v2\/users\/1"}],"replies":[{"embeddable":true,"href":"https:\/\/www.associationfrancosuisse.com\/index.php\/wp-json\/wp\/v2\/comments?post=193"}],"version-history":[{"count":22,"href":"https:\/\/www.associationfrancosuisse.com\/index.php\/wp-json\/wp\/v2\/pages\/193\/revisions"}],"predecessor-version":[{"id":1032,"href":"https:\/\/www.associationfrancosuisse.com\/index.php\/wp-json\/wp\/v2\/pages\/193\/revisions\/1032"}],"wp:attachment":[{"href":"https:\/\/www.associationfrancosuisse.com\/index.php\/wp-json\/wp\/v2\/media?parent=193"}],"curies":[{"name":"wp","href":"https:\/\/api.w.org\/{rel}","templated":true}]}}