{"id":128,"date":"2023-10-06T00:38:14","date_gmt":"2023-10-05T22:38:14","guid":{"rendered":"http:\/\/ypfogfu.cluster028.hosting.ovh.net\/?page_id=128"},"modified":"2026-02-10T12:10:48","modified_gmt":"2026-02-10T11:10:48","slug":"inscription-formulaire-loto","status":"publish","type":"page","link":"https:\/\/www.associationfrancosuisse.com\/index.php\/inscription-formulaire-loto\/","title":{"rendered":"Inscription"},"content":{"rendered":"<h1 style=\"text-align: center;\"><strong><span style=\"color: #ff0000;\">LOTO DE LA CURE<\/span><\/strong><\/h1>\r\n<h4 style=\"text-align: center;\"><span style=\"color: #000000;\">Inscription pour le loto du vendredi 03 avril 2026<\/span><\/h4>\r\n<style id=\"wpforms-css-vars-root\">\n\t\t\t\t:root {\n\t\t\t\t\t--wpforms-field-border-radius: 3px;\n--wpforms-field-border-style: solid;\n--wpforms-field-border-size: 1px;\n--wpforms-field-background-color: #ffffff;\n--wpforms-field-border-color: rgba( 0, 0, 0, 0.25 );\n--wpforms-field-border-color-spare: rgba( 0, 0, 0, 0.25 );\n--wpforms-field-text-color: rgba( 0, 0, 0, 0.7 );\n--wpforms-field-menu-color: #ffffff;\n--wpforms-label-color: rgba( 0, 0, 0, 0.85 );\n--wpforms-label-sublabel-color: rgba( 0, 0, 0, 0.55 );\n--wpforms-label-error-color: #d63637;\n--wpforms-button-border-radius: 3px;\n--wpforms-button-border-style: none;\n--wpforms-button-border-size: 1px;\n--wpforms-button-background-color: #066aab;\n--wpforms-button-border-color: #066aab;\n--wpforms-button-text-color: #ffffff;\n--wpforms-page-break-color: #066aab;\n--wpforms-background-image: none;\n--wpforms-background-position: center center;\n--wpforms-background-repeat: no-repeat;\n--wpforms-background-size: cover;\n--wpforms-background-width: 100px;\n--wpforms-background-height: 100px;\n--wpforms-background-color: rgba( 0, 0, 0, 0 );\n--wpforms-background-url: none;\n--wpforms-container-padding: 0px;\n--wpforms-container-border-style: none;\n--wpforms-container-border-width: 1px;\n--wpforms-container-border-color: #000000;\n--wpforms-container-border-radius: 3px;\n--wpforms-field-size-input-height: 43px;\n--wpforms-field-size-input-spacing: 15px;\n--wpforms-field-size-font-size: 16px;\n--wpforms-field-size-line-height: 19px;\n--wpforms-field-size-padding-h: 14px;\n--wpforms-field-size-checkbox-size: 16px;\n--wpforms-field-size-sublabel-spacing: 5px;\n--wpforms-field-size-icon-size: 1;\n--wpforms-label-size-font-size: 16px;\n--wpforms-label-size-line-height: 19px;\n--wpforms-label-size-sublabel-font-size: 14px;\n--wpforms-label-size-sublabel-line-height: 17px;\n--wpforms-button-size-font-size: 17px;\n--wpforms-button-size-height: 41px;\n--wpforms-button-size-padding-h: 15px;\n--wpforms-button-size-margin-top: 10px;\n--wpforms-container-shadow-size-box-shadow: none;\n\n\t\t\t\t}\n\t\t\t<\/style><div class=\"wpforms-container wpforms-container-full wpforms-block wpforms-block-b9f0d88f-fb27-49d3-a421-625fee3a0783 wpforms-render-modern\" id=\"wpforms-124\"><form id=\"wpforms-form-124\" class=\"wpforms-validate wpforms-form wpforms-ajax-form\" data-formid=\"124\" method=\"post\" enctype=\"multipart\/form-data\" action=\"\/index.php\/wp-json\/wp\/v2\/pages\/128\" data-token=\"f1f6e7c0dd1b678916281ea5431cc979\" data-token-time=\"1775374198\"><noscript class=\"wpforms-error-noscript\">Veuillez activer JavaScript dans votre navigateur pour remplir ce formulaire.<\/noscript><div class=\"wpforms-hidden\" id=\"wpforms-error-noscript\">Veuillez activer JavaScript dans votre navigateur pour remplir ce formulaire.<\/div><div class=\"wpforms-field-container\"><div id=\"wpforms-124-field_1-container\" class=\"wpforms-field wpforms-field-name\" data-field-id=\"1\"><fieldset><legend class=\"wpforms-field-label\">Nom <span class=\"wpforms-required-label\" aria-hidden=\"true\">*<\/span><\/legend><div class=\"wpforms-field-row wpforms-field-medium\"><div class=\"wpforms-field-row-block wpforms-first wpforms-one-half\"><input type=\"text\" id=\"wpforms-124-field_1\" class=\"wpforms-field-name-first wpforms-field-required\" name=\"wpforms[fields][1][first]\" aria-errormessage=\"wpforms-124-field_1-error\" required><label for=\"wpforms-124-field_1\" class=\"wpforms-field-sublabel after\">Pr\u00e9nom<\/label><\/div><div class=\"wpforms-field-row-block wpforms-one-half\"><input type=\"text\" id=\"wpforms-124-field_1-last\" class=\"wpforms-field-name-last wpforms-field-required\" name=\"wpforms[fields][1][last]\" aria-errormessage=\"wpforms-124-field_1-last-error\" required><label for=\"wpforms-124-field_1-last\" class=\"wpforms-field-sublabel after\">Nom<\/label><\/div><\/div><\/fieldset><\/div><div id=\"wpforms-124-field_2-container\" class=\"wpforms-field wpforms-field-email\" data-field-id=\"2\"><label class=\"wpforms-field-label\" for=\"wpforms-124-field_2\">Email <span class=\"wpforms-required-label\" aria-hidden=\"true\">*<\/span><\/label><input type=\"email\" id=\"wpforms-124-field_2\" class=\"wpforms-field-medium wpforms-field-required\" name=\"wpforms[fields][2]\" spellcheck=\"false\" aria-errormessage=\"wpforms-124-field_2-error\" required><\/div><div id=\"wpforms-124-field_16-container\" class=\"wpforms-field wpforms-field-checkbox\" data-field-id=\"16\"><fieldset><legend class=\"wpforms-field-label\">Nombre de Joueurs<\/legend><ul id=\"wpforms-124-field_16\"><li class=\"choice-1 depth-1\"><input type=\"checkbox\" id=\"wpforms-124-field_16_1\" name=\"wpforms[fields][16][]\" value=\"1 Joueur\" aria-errormessage=\"wpforms-124-field_16_1-error\" aria-describedby=\"wpforms-124-field_16-description\"  ><label class=\"wpforms-field-label-inline\" for=\"wpforms-124-field_16_1\">1 Joueur<\/label><\/li><li class=\"choice-2 depth-1\"><input type=\"checkbox\" id=\"wpforms-124-field_16_2\" name=\"wpforms[fields][16][]\" value=\"2 Joueurs\" aria-errormessage=\"wpforms-124-field_16_2-error\" aria-describedby=\"wpforms-124-field_16-description\"  ><label class=\"wpforms-field-label-inline\" for=\"wpforms-124-field_16_2\">2 Joueurs<\/label><\/li><\/ul><div id=\"wpforms-124-field_16-description\" class=\"wpforms-field-description\">Vous ne pouvez inscrire que 2 joueurs maximum par inscription.\r\nSi vous d\u00e9sirez inscrire plus de joueurs merci de faire plusieurs inscriptions.\r\nLe nombre de place \u00e9tant limit\u00e9, seul les joueurs seront autoris\u00e9s a rentrer dans la salle.\r\n\r\nMerci de votre compr\u00e9hension.<\/div><\/fieldset><\/div><div id=\"wpforms-124-field_3-container\" class=\"wpforms-field wpforms-field-radio\" data-field-id=\"3\"><fieldset><legend class=\"wpforms-field-label\">Combien de cartons voulez-vous acheter pour le Joueur No 1 <span class=\"wpforms-required-label\" aria-hidden=\"true\">*<\/span><\/legend><ul id=\"wpforms-124-field_3\" class=\"wpforms-field-required\"><li class=\"choice-1 depth-1\"><input type=\"radio\" id=\"wpforms-124-field_3_1\" name=\"wpforms[fields][3]\" value=\"1 Carton   - EUR 19\" aria-errormessage=\"wpforms-124-field_3_1-error\" required ><label class=\"wpforms-field-label-inline\" for=\"wpforms-124-field_3_1\">1 Carton   &#8211; EUR 19<\/label><\/li><li class=\"choice-2 depth-1\"><input type=\"radio\" id=\"wpforms-124-field_3_2\" name=\"wpforms[fields][3]\" value=\"3 Cartons - EUR 39\" aria-errormessage=\"wpforms-124-field_3_2-error\" required ><label class=\"wpforms-field-label-inline\" for=\"wpforms-124-field_3_2\">3 Cartons &#8211; EUR 39<\/label><\/li><li class=\"choice-3 depth-1\"><input type=\"radio\" id=\"wpforms-124-field_3_3\" name=\"wpforms[fields][3]\" value=\"5 Cartons - EUR 49\" aria-errormessage=\"wpforms-124-field_3_3-error\" required ><label class=\"wpforms-field-label-inline\" for=\"wpforms-124-field_3_3\">5 Cartons &#8211; EUR 49<\/label><\/li><\/ul><\/fieldset><\/div><div id=\"wpforms-124-field_15-container\" class=\"wpforms-field wpforms-field-radio\" data-field-id=\"15\"><fieldset><legend class=\"wpforms-field-label\">Combien de cartons voulez-vous acheter pour le Joueur No 2 <span class=\"wpforms-required-label\" aria-hidden=\"true\">*<\/span><\/legend><ul id=\"wpforms-124-field_15\" class=\"wpforms-field-required\"><li class=\"choice-4 depth-1\"><input type=\"radio\" id=\"wpforms-124-field_15_4\" name=\"wpforms[fields][15]\" value=\"0 (Pas de joueur No 2)\" aria-errormessage=\"wpforms-124-field_15_4-error\" required ><label class=\"wpforms-field-label-inline\" for=\"wpforms-124-field_15_4\">0 (Pas de joueur No 2)<\/label><\/li><li class=\"choice-1 depth-1\"><input type=\"radio\" id=\"wpforms-124-field_15_1\" name=\"wpforms[fields][15]\" value=\"1 Carton   - EUR 19\" aria-errormessage=\"wpforms-124-field_15_1-error\" required ><label class=\"wpforms-field-label-inline\" for=\"wpforms-124-field_15_1\">1 Carton   &#8211; EUR 19<\/label><\/li><li class=\"choice-2 depth-1\"><input type=\"radio\" id=\"wpforms-124-field_15_2\" name=\"wpforms[fields][15]\" value=\"3 Cartons - EUR 39\" aria-errormessage=\"wpforms-124-field_15_2-error\" required ><label class=\"wpforms-field-label-inline\" for=\"wpforms-124-field_15_2\">3 Cartons &#8211; EUR 39<\/label><\/li><li class=\"choice-3 depth-1\"><input type=\"radio\" id=\"wpforms-124-field_15_3\" name=\"wpforms[fields][15]\" value=\"5 Cartons - EUR 49\" aria-errormessage=\"wpforms-124-field_15_3-error\" required ><label class=\"wpforms-field-label-inline\" for=\"wpforms-124-field_15_3\">5 Cartons &#8211; EUR 49<\/label><\/li><\/ul><\/fieldset><\/div><div id=\"wpforms-124-field_6-container\" class=\"wpforms-field wpforms-field-checkbox\" data-field-id=\"6\"><fieldset><legend class=\"wpforms-field-label\"><\/legend><ul id=\"wpforms-124-field_6\"><li class=\"choice-1 depth-1\"><input type=\"checkbox\" id=\"wpforms-124-field_6_1\" name=\"wpforms[fields][6][]\" value=\"J&#039;aimerais \u00eatre tenu inform\u00e9 par email de l&#039;organisation par l&#039;Association Franco-Suisse des prochains Lotos.\" aria-errormessage=\"wpforms-124-field_6_1-error\"  ><label class=\"wpforms-field-label-inline\" for=\"wpforms-124-field_6_1\">J&rsquo;aimerais \u00eatre tenu inform\u00e9 par email de l&rsquo;organisation par l&rsquo;Association Franco-Suisse des prochains Lotos.<\/label><\/li><\/ul><\/fieldset><\/div><div id=\"wpforms-124-field_7-container\" class=\"wpforms-field wpforms-field-textarea\" data-field-id=\"7\"><label class=\"wpforms-field-label\" for=\"wpforms-124-field_7\">Commentaires<\/label><textarea id=\"wpforms-124-field_7\" class=\"wpforms-field-medium\" name=\"wpforms[fields][7]\" aria-errormessage=\"wpforms-124-field_7-error\" ><\/textarea><\/div><\/div><!-- .wpforms-field-container --><div class=\"wpforms-submit-container\" ><input type=\"hidden\" name=\"wpforms[id]\" value=\"124\"><input type=\"hidden\" name=\"page_title\" value=\"\"><input type=\"hidden\" name=\"page_url\" value=\"https:\/\/www.associationfrancosuisse.com\/index.php\/wp-json\/wp\/v2\/pages\/128\"><button type=\"submit\" name=\"wpforms[submit]\" id=\"wpforms-submit-124\" class=\"wpforms-submit\" data-alt-text=\"Sending...\" data-submit-text=\"Soumettre\" aria-live=\"assertive\" value=\"wpforms-submit\">Soumettre<\/button><img decoding=\"async\" src=\"https:\/\/www.associationfrancosuisse.com\/wp-content\/plugins\/wpforms-lite\/assets\/images\/submit-spin.svg\" class=\"wpforms-submit-spinner\" style=\"display: none;\" width=\"26\" height=\"26\" alt=\"Chargement en cours\"><\/div><\/form><\/div>  <!-- .wpforms-container -->","protected":false},"excerpt":{"rendered":"<p>LOTO DE LA CURE Inscription pour le loto du vendredi 03 avril 2026<\/p>\n","protected":false},"author":1,"featured_media":0,"parent":0,"menu_order":0,"comment_status":"closed","ping_status":"closed","template":"","meta":{"site-sidebar-layout":"default","site-content-layout":"","ast-site-content-layout":"default","site-content-style":"default","site-sidebar-style":"default","ast-global-header-display":"","ast-banner-title-visibility":"","ast-main-header-display":"","ast-hfb-above-header-display":"","ast-hfb-below-header-display":"","ast-hfb-mobile-header-display":"","site-post-title":"","ast-breadcrumbs-content":"","ast-featured-img":"","footer-sml-layout":"","theme-transparent-header-meta":"default","adv-header-id-meta":"","stick-header-meta":"","header-above-stick-meta":"","header-main-stick-meta":"","header-below-stick-meta":"","astra-migrate-meta-layouts":"set","ngg_post_thumbnail":0,"footnotes":""},"class_list":["post-128","page","type-page","status-publish","hentry"],"yoast_head":"<!-- This site is optimized with the Yoast SEO plugin v24.0 - https:\/\/yoast.com\/wordpress\/plugins\/seo\/ -->\n<title>Inscription - Village Franco-Suisse de La Cure<\/title>\n<meta name=\"robots\" content=\"index, follow, max-snippet:-1, max-image-preview:large, max-video-preview:-1\" \/>\n<link rel=\"canonical\" href=\"https:\/\/www.associationfrancosuisse.com\/index.php\/inscription-formulaire-loto\/\" \/>\n<meta property=\"og:locale\" content=\"fr_FR\" \/>\n<meta property=\"og:type\" content=\"article\" \/>\n<meta property=\"og:title\" content=\"Inscription - Village Franco-Suisse de La Cure\" \/>\n<meta property=\"og:description\" content=\"LOTO DE LA CURE Inscription pour le loto du vendredi 03 avril 2026\" \/>\n<meta property=\"og:url\" content=\"https:\/\/www.associationfrancosuisse.com\/index.php\/inscription-formulaire-loto\/\" \/>\n<meta property=\"og:site_name\" content=\"Village Franco-Suisse de La Cure\" \/>\n<meta property=\"article:modified_time\" content=\"2026-02-10T11:10:48+00:00\" \/>\n<meta name=\"twitter:card\" content=\"summary_large_image\" \/>\n<meta name=\"twitter:label1\" content=\"Dur\u00e9e de lecture estim\u00e9e\" \/>\n\t<meta name=\"twitter:data1\" content=\"1 minute\" \/>\n<script type=\"application\/ld+json\" class=\"yoast-schema-graph\">{\"@context\":\"https:\/\/schema.org\",\"@graph\":[{\"@type\":\"WebPage\",\"@id\":\"https:\/\/www.associationfrancosuisse.com\/index.php\/inscription-formulaire-loto\/\",\"url\":\"https:\/\/www.associationfrancosuisse.com\/index.php\/inscription-formulaire-loto\/\",\"name\":\"Inscription - Village Franco-Suisse de La Cure\",\"isPartOf\":{\"@id\":\"https:\/\/www.associationfrancosuisse.com\/#website\"},\"datePublished\":\"2023-10-05T22:38:14+00:00\",\"dateModified\":\"2026-02-10T11:10:48+00:00\",\"breadcrumb\":{\"@id\":\"https:\/\/www.associationfrancosuisse.com\/index.php\/inscription-formulaire-loto\/#breadcrumb\"},\"inLanguage\":\"fr-FR\",\"potentialAction\":[{\"@type\":\"ReadAction\",\"target\":[\"https:\/\/www.associationfrancosuisse.com\/index.php\/inscription-formulaire-loto\/\"]}]},{\"@type\":\"BreadcrumbList\",\"@id\":\"https:\/\/www.associationfrancosuisse.com\/index.php\/inscription-formulaire-loto\/#breadcrumb\",\"itemListElement\":[{\"@type\":\"ListItem\",\"position\":1,\"name\":\"Accueil\",\"item\":\"https:\/\/www.associationfrancosuisse.com\/\"},{\"@type\":\"ListItem\",\"position\":2,\"name\":\"Inscription\"}]},{\"@type\":\"WebSite\",\"@id\":\"https:\/\/www.associationfrancosuisse.com\/#website\",\"url\":\"https:\/\/www.associationfrancosuisse.com\/\",\"name\":\"Village Franco-Suisse de La Cure\",\"description\":\"\",\"potentialAction\":[{\"@type\":\"SearchAction\",\"target\":{\"@type\":\"EntryPoint\",\"urlTemplate\":\"https:\/\/www.associationfrancosuisse.com\/?s={search_term_string}\"},\"query-input\":{\"@type\":\"PropertyValueSpecification\",\"valueRequired\":true,\"valueName\":\"search_term_string\"}}],\"inLanguage\":\"fr-FR\"}]}<\/script>\n<!-- \/ Yoast SEO plugin. -->","yoast_head_json":{"title":"Inscription - Village Franco-Suisse de La Cure","robots":{"index":"index","follow":"follow","max-snippet":"max-snippet:-1","max-image-preview":"max-image-preview:large","max-video-preview":"max-video-preview:-1"},"canonical":"https:\/\/www.associationfrancosuisse.com\/index.php\/inscription-formulaire-loto\/","og_locale":"fr_FR","og_type":"article","og_title":"Inscription - Village Franco-Suisse de La Cure","og_description":"LOTO DE LA CURE Inscription pour le loto du vendredi 03 avril 2026","og_url":"https:\/\/www.associationfrancosuisse.com\/index.php\/inscription-formulaire-loto\/","og_site_name":"Village Franco-Suisse de La Cure","article_modified_time":"2026-02-10T11:10:48+00:00","twitter_card":"summary_large_image","twitter_misc":{"Dur\u00e9e de lecture estim\u00e9e":"1 minute"},"schema":{"@context":"https:\/\/schema.org","@graph":[{"@type":"WebPage","@id":"https:\/\/www.associationfrancosuisse.com\/index.php\/inscription-formulaire-loto\/","url":"https:\/\/www.associationfrancosuisse.com\/index.php\/inscription-formulaire-loto\/","name":"Inscription - Village Franco-Suisse de La Cure","isPartOf":{"@id":"https:\/\/www.associationfrancosuisse.com\/#website"},"datePublished":"2023-10-05T22:38:14+00:00","dateModified":"2026-02-10T11:10:48+00:00","breadcrumb":{"@id":"https:\/\/www.associationfrancosuisse.com\/index.php\/inscription-formulaire-loto\/#breadcrumb"},"inLanguage":"fr-FR","potentialAction":[{"@type":"ReadAction","target":["https:\/\/www.associationfrancosuisse.com\/index.php\/inscription-formulaire-loto\/"]}]},{"@type":"BreadcrumbList","@id":"https:\/\/www.associationfrancosuisse.com\/index.php\/inscription-formulaire-loto\/#breadcrumb","itemListElement":[{"@type":"ListItem","position":1,"name":"Accueil","item":"https:\/\/www.associationfrancosuisse.com\/"},{"@type":"ListItem","position":2,"name":"Inscription"}]},{"@type":"WebSite","@id":"https:\/\/www.associationfrancosuisse.com\/#website","url":"https:\/\/www.associationfrancosuisse.com\/","name":"Village Franco-Suisse de La Cure","description":"","potentialAction":[{"@type":"SearchAction","target":{"@type":"EntryPoint","urlTemplate":"https:\/\/www.associationfrancosuisse.com\/?s={search_term_string}"},"query-input":{"@type":"PropertyValueSpecification","valueRequired":true,"valueName":"search_term_string"}}],"inLanguage":"fr-FR"}]}},"_links":{"self":[{"href":"https:\/\/www.associationfrancosuisse.com\/index.php\/wp-json\/wp\/v2\/pages\/128","targetHints":{"allow":["GET"]}}],"collection":[{"href":"https:\/\/www.associationfrancosuisse.com\/index.php\/wp-json\/wp\/v2\/pages"}],"about":[{"href":"https:\/\/www.associationfrancosuisse.com\/index.php\/wp-json\/wp\/v2\/types\/page"}],"author":[{"embeddable":true,"href":"https:\/\/www.associationfrancosuisse.com\/index.php\/wp-json\/wp\/v2\/users\/1"}],"replies":[{"embeddable":true,"href":"https:\/\/www.associationfrancosuisse.com\/index.php\/wp-json\/wp\/v2\/comments?post=128"}],"version-history":[{"count":9,"href":"https:\/\/www.associationfrancosuisse.com\/index.php\/wp-json\/wp\/v2\/pages\/128\/revisions"}],"predecessor-version":[{"id":1602,"href":"https:\/\/www.associationfrancosuisse.com\/index.php\/wp-json\/wp\/v2\/pages\/128\/revisions\/1602"}],"wp:attachment":[{"href":"https:\/\/www.associationfrancosuisse.com\/index.php\/wp-json\/wp\/v2\/media?parent=128"}],"curies":[{"name":"wp","href":"https:\/\/api.w.org\/{rel}","templated":true}]}}